{"id":1054,"date":"2016-04-19T13:29:45","date_gmt":"2016-04-19T20:29:45","guid":{"rendered":"http:\/\/www.vladimirlugo.com\/?page_id=1054"},"modified":"2016-04-19T13:29:45","modified_gmt":"2016-04-19T20:29:45","slug":"sincroniza-los-contactos-de-tu-iphone-a-google","status":"publish","type":"page","link":"https:\/\/vladimirlugo.com\/es\/sincroniza-los-contactos-de-tu-iphone-a-google\/","title":{"rendered":"Sincroniza los contactos de tu iPhone a Google"},"content":{"rendered":"<p><p><span class=\"k-dropcap \">M<\/span><\/p>antener\u00a0las\u00a0cuentas sincronizadas entre tu tel\u00e9fono celular iPhone y Google es mucho m\u00e1s f\u00e1cil ahora con la gu\u00eda\u00a0<em>Sincroniza los contactos de tu iPhone a Google: Gu\u00eda paso a paso para ahorrar tiempo sincronizando tus contactos de iCloud a todas tus cuentas de Google Contacts.<\/em><\/p>\n<h3>El problema<\/h3>\n<p>Seamos honestos, mantener la data de tus contactos puede ser complicado.\u00a0Si eres como yo, es muy probable que tengas cuentas en casi todos los servicios de correo o agenda electr\u00f3nica. Yo tengo cuenta en los siguientes servicios:<\/p>\n<ul>\n<li>Microsoft Exchange en el trabajo<\/li>\n<li>Microsoft Outlook.com para mi cuenta de OneDrive<\/li>\n<li>Google Contacts para mi cuenta de Gmail personal y la que uso para este blog con Google Plus<\/li>\n<li>Apple iCloud Contacts que se utiliza con tu tel\u00e9fono iPhone<\/li>\n<li>Otros servidores de correo electr\u00f3nico<\/li>\n<\/ul>\n<p>Esta gu\u00eda es parte de la soluci\u00f3n, ya que te permite sincronizar dos de los m\u00e1s populares servicios de informaci\u00f3n personal: iCloud y Google. Si este es tu caso, no esperes m\u00e1s. Obt\u00e9n la gu\u00eda haciendo clic en el bot\u00f3n a continuaci\u00f3n de forma gratuita por tiempo limitado.<\/p>\n<p>&nbsp;<\/p>\n<p><a href=\"#mailmunch-pop-275503\"><img decoding=\"async\" loading=\"lazy\" class=\"wp-image-1070 size-full aligncenter\" src=\"http:\/\/www.vladimirlugo.com\/wp-content\/uploads\/2016\/04\/quierolaguia1.jpg\" alt=\"Quiero la gu\u00eda\" width=\"300\" height=\"60\" \/><\/a><\/p>\n<blockquote><p>La primera regla de cualquier tecnolog\u00eda utilizada en los negocios es que la automatizaci\u00f3n aplicada a una operaci\u00f3n eficiente magnificar\u00e1 la eficiencia. La segunda es que si la automatizaci\u00f3n se aplica a una operaci\u00f3n ineficiente, magnificar\u00e1 la ineficiencia (Bill Gates)<\/p><\/blockquote>\n<p>Es el prop\u00f3sito de esta gu\u00eda dise\u00f1ar una operaci\u00f3n eficiente para ahorrarte muchos dolores de cabeza al querer utilizar y compartir tus contactos.<\/p>\n<h3>La soluci\u00f3n<\/h3>\n<p>La mejor manera de mantener tus cuentas de correo electr\u00f3nico y contacto personales es utilizando alg\u00fan nivel de automatizaci\u00f3n. Cuando automatizas el mantenimiento de tus cuentas, \u00a0obtienes los siguientes beneficios:<\/p>\n<ul>\n<li>Aprovechas que la computadora se encargue de crear las r\u00e9plicas<\/li>\n<li>Inviertes un poco de tiempo al principio y te olvidas de los detalles<\/li>\n<li>Ahorras tiempo y por ende dinero<\/li>\n<li>Tus datos son m\u00e1s exactos<\/li>\n<li>Tienes la informaci\u00f3n de contacto disponible d\u00f3nde y cu\u00e1ndo la necesitas<\/li>\n<li>Respaldas la informaci\u00f3n en varios lugares para no perderla<\/li>\n<li>Aprendes herramientas de automatizaci\u00f3n que puedes usar en otras cosas<\/li>\n<\/ul>\n<p>La gu\u00eda <em>Sincroniza los contactos de tu iPhone a Google<\/em> te permitir\u00e1 aprender el proceso de automatizaci\u00f3n utilizando dos herramientas gratuitas en l\u00ednea: IFTTT y Zapier.<\/p>\n<p>No te preocupes si nunca antes hab\u00edas automatizado nada o hab\u00edas utilizado estas herramientas, la gu\u00eda <em>Sincroniza los contactos de tu iPhone a Google<\/em>, te llevar\u00e1 paso a paso.<\/p>\n<p>&nbsp;<\/p>\n<p><a href=\"#mailmunch-pop-275503\"><img decoding=\"async\" loading=\"lazy\" class=\"wp-image-1070 size-full aligncenter\" src=\"http:\/\/www.vladimirlugo.com\/wp-content\/uploads\/2016\/04\/quierolaguia1.jpg\" alt=\"Quiero la gu\u00eda\" width=\"300\" height=\"60\" \/><\/a><\/p>\n<h3>La gu\u00eda<\/h3>\n<p>Con la gu\u00eda <em>Sincroniza los contactos de tu iPhone a Google<\/em> aprender\u00e1s:<\/p>\n<ul>\n<li>La importancia de automatizar el mantenimiento de tareas repetitivas<\/li>\n<li>A crear tu propio diagrama de flujo simple<\/li>\n<li>A crear flujos de informaci\u00f3n e integraci\u00f3n de data<\/li>\n<li>A utilizar IFTTT, una poderosa herramienta gratuita de automatizaci\u00f3n en l\u00ednea<\/li>\n<li>A utilizar Zapier, similar a IFTTT pero con otras aplicaciones<\/li>\n<\/ul>\n<p>No te preocupes, la gu\u00eda es f\u00e1cil de entender, te lleva de la mano paso a paso y puedes usarla como gu\u00eda de trabajo al mismo tiempo. Descarga la gu\u00eda ahora mismo, la cual se ofrece gratis por tiempo limitado.<\/p>\n<p>&nbsp;<\/p>\n<p><a href=\"#mailmunch-pop-275503\"><img decoding=\"async\" loading=\"lazy\" class=\"wp-image-1070 size-full aligncenter\" src=\"http:\/\/www.vladimirlugo.com\/wp-content\/uploads\/2016\/04\/quierolaguia1.jpg\" alt=\"Quiero la gu\u00eda\" width=\"300\" height=\"60\" \/><\/a><\/p>\n<h3>Y t\u00fa, \u00bfpudiste implementar la gu\u00eda con facilidad?\u00a0\u00bfUsas alg\u00fan otro sistema de automatizaci\u00f3n?<\/h3>\n","protected":false},"excerpt":{"rendered":"<p>Mantener las cuentas sincronizadas entre tu tel\u00e9fono celular iPhone y Google es mucho m\u00e1s f\u00e1cil ahora con la gu\u00eda Sincroniza los contactos de tu iPhone a Google: Gu\u00eda paso a paso&#8230;<\/p>\n","protected":false},"author":1,"featured_media":1055,"parent":0,"menu_order":0,"comment_status":"open","ping_status":"open","template":"","meta":{"footnotes":""},"translation":{"provider":"WPGlobus","version":"3.0.2","language":"es","enabled_languages":["en","es"],"languages":{"en":{"title":true,"content":true,"excerpt":true},"es":{"title":false,"content":false,"excerpt":false}}},"_links":{"self":[{"href":"https:\/\/vladimirlugo.com\/es\/wp-json\/wp\/v2\/pages\/1054"}],"collection":[{"href":"https:\/\/vladimirlugo.com\/es\/wp-json\/wp\/v2\/pages"}],"about":[{"href":"https:\/\/vladimirlugo.com\/es\/wp-json\/wp\/v2\/types\/page"}],"author":[{"embeddable":true,"href":"https:\/\/vladimirlugo.com\/es\/wp-json\/wp\/v2\/users\/1"}],"replies":[{"embeddable":true,"href":"https:\/\/vladimirlugo.com\/es\/wp-json\/wp\/v2\/comments?post=1054"}],"version-history":[{"count":0,"href":"https:\/\/vladimirlugo.com\/es\/wp-json\/wp\/v2\/pages\/1054\/revisions"}],"wp:featuredmedia":[{"embeddable":true,"href":"https:\/\/vladimirlugo.com\/es\/wp-json\/wp\/v2\/media\/1055"}],"wp:attachment":[{"href":"https:\/\/vladimirlugo.com\/es\/wp-json\/wp\/v2\/media?parent=1054"}],"curies":[{"name":"wp","href":"https:\/\/api.w.org\/{rel}","templated":true}]}}