{"id":138,"date":"2015-06-04T11:23:13","date_gmt":"2015-06-04T18:23:13","guid":{"rendered":"http:\/\/www.vladimirlugo.com\/?page_id=138"},"modified":"2020-03-04T15:12:39","modified_gmt":"2020-03-04T23:12:39","slug":"capacitar","status":"publish","type":"page","link":"https:\/\/vladimirlugo.com\/es\/contratar\/capacitar\/","title":{"rendered":"Capacitar"},"content":{"rendered":"<p><p><span class=\"k-dropcap \">D<\/span><\/p>esde 1998, he\u00a0trabajado como instructor de tecnolog\u00eda. He creado programas personalizados\u00a0de adiestramiento de personal t\u00e9cnico y gerencial. He utilizado muchas herramientas est\u00e1ndares de uso com\u00fan en la industria.<\/p>\n<p>Mis ramas de especializaci\u00f3n incluyen, entre otras:<\/p>\n<blockquote>\n<ul>\n<li><strong>Administraci\u00f3n de sistemas<\/strong>: El manejo de computadoras, servidores y redes, y sistemas de almacenamiento de informaci\u00f3n<\/li>\n<li><strong>Administraci\u00f3n de bases de datos<\/strong>: Las bases de datos permiten almacenar informaci\u00f3n de manera system\u00e1tica y estructurada<\/li>\n<li><strong>Administraci\u00f3n de servidores web<\/strong>: Desarrollo y entrega de\u00a0aplicaciones y sitios web para su organizaci\u00f3n<\/li>\n<li><strong>Administraci\u00f3n de aplicaciones<\/strong>: Software con funciones espec\u00edficas como finanzas, colaboraci\u00f3n o membres\u00eda<\/li>\n<li><strong>Administraci\u00f3n de multimedia<\/strong>: Escritura, grabaci\u00f3n, producci\u00f3n, edici\u00f3n y distribuci\u00f3n de material medi\u00e1tico<\/li>\n<\/ul>\n<\/blockquote>\n<p>Mis clientes incluyen, entre otros, a:<\/p>\n<p style=\"text-align: center;\">[soliloquy id=\u00bb232&#8243;]<\/p>\n<p><!--\n[one_half last=\"no\"]\n\n\n<ul>\n\t\n\n<li>Chippewa\u00a0Valley Technical College<\/li>\n\n\n\t\n\n<li>City of Los Angeles<\/li>\n\n\n\t\n\n<li>Disney<\/li>\n\n\n\t\n\n<li>Earthlink<\/li>\n\n\n\t\n\n<li>Edison Community College<\/li>\n\n\n\t\n\n<li>Global Trainers<\/li>\n\n\n\t\n\n<li>Integrated Digital Technologies<\/li>\n\n\n\t\n\n<li>Loyola Marymount University<\/li>\n\n\n<\/ul>\n\n\n[\/one_half]\n\n[one_half last=\"yes\"]\n\n\n<ul>\n\t\n\n<li>Ministerios Valle de la Decisi\u00f3n<\/li>\n\n\n\t\n\n<li>Star Christian School<\/li>\n\n\n\t\n\n<li>Texas Southern University<\/li>\n\n\n\t\n\n<li>University of\u00a0Notre Dame<\/li>\n\n\n\t\n\n<li>Utah State University<\/li>\n\n\n\t\n\n<li>Vacco Industries<\/li>\n\n\n\t\n\n<li>Virginia State University<\/li>\n\n\n\t\n\n<li>Warner Brothers<\/li>\n\n\n<\/ul>\n\n\n[\/one_half]\n--><\/p>\n<p><p><span class=\"k-dropcap \">A<\/span><\/p>dem\u00e1s, desde 1985, he servido en el ministerio de la iglesia en distintas funciones, incluyendo como profesor de Biblia y Teolog\u00eda en la Universidad Visi\u00f3n, como pastor asistente bivocacional y como l\u00edder en el \u00e1rea de Los \u00c1ngeles, ense\u00f1ando y predicando semanalmente la palabra de Dios entre las personas de habla hispana en los Estados Unidos.<\/p>\n<p>Si quieres\u00a0informaci\u00f3n acerca de c\u00f3mo recibir un adiestramiento t\u00e9cnico personalizado para los miembros de tu equipo de tecnolog\u00eda o para invitaciones de \u00edndole ministerial, por favor visita la p\u00e1gina de <a href=\"http:\/\/www.vladimirlugo.com\/index.php\/contactar\/\">CONTACTAR<\/a>. Te responder\u00e9 a la brevedad posible.<\/p>\n<p>&nbsp;<\/p>\n","protected":false},"excerpt":{"rendered":"<p>esde 1998, he\u00a0trabajado como instructor de tecnolog\u00eda. He creado programas personalizados\u00a0de adiestramiento de personal t\u00e9cnico y gerencial. He utilizado muchas herramientas est\u00e1ndares de uso com\u00fan en la industria. Mis ramas de especializaci\u00f3n incluyen, entre otras: Administraci\u00f3n de sistemas: El manejo de computadoras, servidores y redes, y sistemas de almacenamiento de informaci\u00f3n Administraci\u00f3n de bases de&hellip;<\/p>\n","protected":false},"author":1,"featured_media":0,"parent":173,"menu_order":2,"comment_status":"closed","ping_status":"closed","template":"","meta":{"footnotes":""},"translation":{"provider":"WPGlobus","version":"3.0.2","language":"es","enabled_languages":["en","es"],"languages":{"en":{"title":true,"content":true,"excerpt":false},"es":{"title":true,"content":false,"excerpt":false}}},"_links":{"self":[{"href":"https:\/\/vladimirlugo.com\/es\/wp-json\/wp\/v2\/pages\/138"}],"collection":[{"href":"https:\/\/vladimirlugo.com\/es\/wp-json\/wp\/v2\/pages"}],"about":[{"href":"https:\/\/vladimirlugo.com\/es\/wp-json\/wp\/v2\/types\/page"}],"author":[{"embeddable":true,"href":"https:\/\/vladimirlugo.com\/es\/wp-json\/wp\/v2\/users\/1"}],"replies":[{"embeddable":true,"href":"https:\/\/vladimirlugo.com\/es\/wp-json\/wp\/v2\/comments?post=138"}],"version-history":[{"count":1,"href":"https:\/\/vladimirlugo.com\/es\/wp-json\/wp\/v2\/pages\/138\/revisions"}],"predecessor-version":[{"id":9716,"href":"https:\/\/vladimirlugo.com\/es\/wp-json\/wp\/v2\/pages\/138\/revisions\/9716"}],"up":[{"embeddable":true,"href":"https:\/\/vladimirlugo.com\/es\/wp-json\/wp\/v2\/pages\/173"}],"wp:attachment":[{"href":"https:\/\/vladimirlugo.com\/es\/wp-json\/wp\/v2\/media?parent=138"}],"curies":[{"name":"wp","href":"https:\/\/api.w.org\/{rel}","templated":true}]}}