{"id":173,"date":"2015-06-04T16:23:28","date_gmt":"2015-06-04T23:23:28","guid":{"rendered":"http:\/\/www.vladimirlugo.com\/?page_id=173"},"modified":"2025-02-13T16:35:34","modified_gmt":"2025-02-14T00:35:34","slug":"contract","status":"publish","type":"page","link":"https:\/\/vladimirlugo.com\/es\/contratar\/","title":{"rendered":"Contratar"},"content":{"rendered":"\n<p class=\"has-text-align-left\"><p><span class=\"k-dropcap style-2\">C<\/span><\/p>ada ministerio cristiano que desea ser efectivo para ejercer sus funciones ministeriales, en el contexto geogr\u00e1fico e hist\u00f3rico donde se encuentra, debe hacerse la pregunta: \u00bfTengo todo lo necesario para ir de aqu\u00ed a all\u00e1?<\/p>\n\n\n\n<p>Raras veces la respuesta&nbsp;a esta pregunta es un determinado \u00abS\u00ed.\u00bb&nbsp;Frecuentemente la respuesta es \u00abNo.\u00bb Pero la mayor\u00eda de las veces, la respuesta se encuentra en alg\u00fan lugar intermedio: \u00abTengo algunos recursos, pero los necesito complementar.\u00bb<\/p>\n\n\n\n<p>Es en este escenario en el cual tu ministerio necesita considerar la posibilidad de contratar a un asesor. Un asesor es una persona que trae una opini\u00f3n experta y que tiene la experiencia de trabajar con muchas organizaciones en variedad de circunstancias. Un asesor tiene la ventaja de mirar la situaci\u00f3n desde afuera para ofrecer una comprensi\u00f3n m\u00e1s panor\u00e1mica y desarrollar con detalle un mapa a seguir.<\/p>\n\n\n\n<p>Existen en la actualidad varios asesores cristianos reconocidos que ayudan a las iglesias y otras organizaciones en diversas \u00e1reas del ministerio. Sin embargo, la disponibilidad de asesores cristianos entrenados como te\u00f3logos y tecn\u00f3logos al mismo tiempo es pobre.<\/p>\n\n\n\n<p>Para poder atender las demandas tecnol\u00f3gicas de las organizaciones del siglo XXI, se necesitan lo que yo llamo \u00abpersonas puentes,\u00bb que comprendan bien el rol de la tecnolog\u00eda, pero que puedan desarrollar los planes tecnol\u00f3gicos con sensibilidad teol\u00f3gica.<\/p>\n\n\n\n<p>He desarrollado un <em>modelo de servicios de consultor\u00eda en inform\u00e1tica<\/em> conocido como la <span style=\"color: #66bee3;\"><strong><em>Matriz de Tecnolog\u00edas Ministeriales<\/em><sup>\u00ae<\/sup><\/strong><\/span> para ayudarte a ti y a tu ministerio en tres \u00e1reas fundamentales:<\/p>\n\n\n\n<ul>\n<li><a href=\"http:\/\/www.vladimirlugo.com\/contratar\/consultar\/\">Consultar<\/a>: Asociado con la implementaci\u00f3n de la&nbsp;<span style=\"color: #66bee3;\"><strong><em>Matriz de Tecnolog\u00edas Ministeriales<\/em><sup>\u00ae<\/sup><\/strong><\/span> en el seno de su ministerio por medio de la creaci\u00f3n de un&nbsp;<strong><span style=\"color: #66bee3;\"><em>Mapa Personalizado de Madurez<\/em>\u2122<\/span><\/strong> que precisamente lo llevar\u00e1 al cumplimiento de su misi\u00f3n en contexto.<\/li>\n\n\n\n<li><a href=\"http:\/\/www.vladimirlugo.com\/contratar\/capacitar\/\">Capacitar<\/a>: Asociado con el entrenamiento del personal en las labores propiamente t\u00e9cnicas del uso y aplicaci\u00f3n de diversas tecnolog\u00edas. Est\u00e1 orientado tanto al entrenamiento del personal t\u00e9cnico como del personal ministerial. Si quieres invitarme a hablar en tu evento visita la p\u00e1gina <a href=\"http:\/\/www.vladimirlugo.com\/index.php\/contratar\/conferencias\/\">CONFERENCIAS<\/a>.<\/li>\n\n\n\n<li><a href=\"http:\/\/www.vladimirlugo.com\/contratar\/construir\/\">Construir<\/a>: Asociado con establecer tu presencia virtual s\u00f3lida mediante la implementaci\u00f3n de sitios web, redes sociales y aplicaciones m\u00f3viles.<\/li>\n<\/ul>\n\n\n\n<p>Te invito a que visites cada una de estas tres \u00e1reas de servicios que ofrezco para que obtengas mayor informaci\u00f3n al respecto, y a que me <a href=\"http:\/\/www.vladimirlugo.com\/index.php\/contactar\/\">contactes<\/a>para iniciar cualquier tipo seguimiento. Puedo personalizar mi trabajo a corto, mediano o largo plazo, dependiendo de tus necesidades del momento.<\/p>\n\n\n\n<h3 class=\"wp-block-heading\">Y t\u00fa, \u00bfTienes todo lo necesario para asegurar que tus proyectos de tecnolog\u00eda ministerial lleguen a feliz t\u00e9rmino y cumplan sus prop\u00f3sitos?<\/h3>\n","protected":false},"excerpt":{"rendered":"<p>ada ministerio cristiano que desea ser efectivo para ejercer sus funciones ministeriales, en el contexto geogr\u00e1fico e hist\u00f3rico donde se encuentra, debe hacerse la pregunta: \u00bfTengo todo lo necesario para ir de aqu\u00ed a all\u00e1? Raras veces la respuesta&nbsp;a esta pregunta es un determinado \u00abS\u00ed.\u00bb&nbsp;Frecuentemente la respuesta es \u00abNo.\u00bb Pero la mayor\u00eda de las veces,&hellip;<\/p>\n","protected":false},"author":1,"featured_media":0,"parent":0,"menu_order":0,"comment_status":"closed","ping_status":"closed","template":"","meta":{"footnotes":""},"translation":{"provider":"WPGlobus","version":"3.0.2","language":"es","enabled_languages":["en","es"],"languages":{"en":{"title":true,"content":true,"excerpt":false},"es":{"title":true,"content":true,"excerpt":false}}},"_links":{"self":[{"href":"https:\/\/vladimirlugo.com\/es\/wp-json\/wp\/v2\/pages\/173"}],"collection":[{"href":"https:\/\/vladimirlugo.com\/es\/wp-json\/wp\/v2\/pages"}],"about":[{"href":"https:\/\/vladimirlugo.com\/es\/wp-json\/wp\/v2\/types\/page"}],"author":[{"embeddable":true,"href":"https:\/\/vladimirlugo.com\/es\/wp-json\/wp\/v2\/users\/1"}],"replies":[{"embeddable":true,"href":"https:\/\/vladimirlugo.com\/es\/wp-json\/wp\/v2\/comments?post=173"}],"version-history":[{"count":25,"href":"https:\/\/vladimirlugo.com\/es\/wp-json\/wp\/v2\/pages\/173\/revisions"}],"predecessor-version":[{"id":10337,"href":"https:\/\/vladimirlugo.com\/es\/wp-json\/wp\/v2\/pages\/173\/revisions\/10337"}],"wp:attachment":[{"href":"https:\/\/vladimirlugo.com\/es\/wp-json\/wp\/v2\/media?parent=173"}],"curies":[{"name":"wp","href":"https:\/\/api.w.org\/{rel}","templated":true}]}}