{"id":2123,"date":"2017-08-03T15:39:41","date_gmt":"2017-08-03T22:39:41","guid":{"rendered":"https:\/\/www.vladimirlugo.com\/?page_id=2123"},"modified":"2021-05-27T12:00:45","modified_gmt":"2021-05-27T19:00:45","slug":"develop-your-digital-presence-ideas","status":"publish","type":"page","link":"https:\/\/vladimirlugo.com\/es\/desarrolla-las-ideas-de-tu-presencia-digital\/","title":{"rendered":"Desarrolla las IDEAS de tu presencia digital"},"content":{"rendered":"\n<figure class=\"wp-block-image size-large\"><img decoding=\"async\" loading=\"lazy\" width=\"1024\" height=\"536\" src=\"https:\/\/vladimirlugo.com\/wp-content\/uploads\/2021\/05\/vladimir_lugo_desarrolla_las_IDEAS_de_tu_presencia_digital-1024x536.jpg\" alt=\"Vladimir Lugo: Desarrolla las IDEAS de tu Presencia Digital\" class=\"wp-image-9826\" srcset=\"https:\/\/vladimirlugo.com\/wp-content\/uploads\/2021\/05\/vladimir_lugo_desarrolla_las_IDEAS_de_tu_presencia_digital-1024x536.jpg 1024w, https:\/\/vladimirlugo.com\/wp-content\/uploads\/2021\/05\/vladimir_lugo_desarrolla_las_IDEAS_de_tu_presencia_digital-720x377.jpg 720w, https:\/\/vladimirlugo.com\/wp-content\/uploads\/2021\/05\/vladimir_lugo_desarrolla_las_IDEAS_de_tu_presencia_digital-150x78.jpg 150w, https:\/\/vladimirlugo.com\/wp-content\/uploads\/2021\/05\/vladimir_lugo_desarrolla_las_IDEAS_de_tu_presencia_digital-768x402.jpg 768w, https:\/\/vladimirlugo.com\/wp-content\/uploads\/2021\/05\/vladimir_lugo_desarrolla_las_IDEAS_de_tu_presencia_digital-1536x804.jpg 1536w, https:\/\/vladimirlugo.com\/wp-content\/uploads\/2021\/05\/vladimir_lugo_desarrolla_las_IDEAS_de_tu_presencia_digital-852x446.jpg 852w, https:\/\/vladimirlugo.com\/wp-content\/uploads\/2021\/05\/vladimir_lugo_desarrolla_las_IDEAS_de_tu_presencia_digital-418x219.jpg 418w, https:\/\/vladimirlugo.com\/wp-content\/uploads\/2021\/05\/vladimir_lugo_desarrolla_las_IDEAS_de_tu_presencia_digital-880x460.jpg 880w, https:\/\/vladimirlugo.com\/wp-content\/uploads\/2021\/05\/vladimir_lugo_desarrolla_las_IDEAS_de_tu_presencia_digital-100x52.jpg 100w, https:\/\/vladimirlugo.com\/wp-content\/uploads\/2021\/05\/vladimir_lugo_desarrolla_las_IDEAS_de_tu_presencia_digital-266x139.jpg 266w, https:\/\/vladimirlugo.com\/wp-content\/uploads\/2021\/05\/vladimir_lugo_desarrolla_las_IDEAS_de_tu_presencia_digital-558x292.jpg 558w, https:\/\/vladimirlugo.com\/wp-content\/uploads\/2021\/05\/vladimir_lugo_desarrolla_las_IDEAS_de_tu_presencia_digital-362x189.jpg 362w, https:\/\/vladimirlugo.com\/wp-content\/uploads\/2021\/05\/vladimir_lugo_desarrolla_las_IDEAS_de_tu_presencia_digital-245x128.jpg 245w, https:\/\/vladimirlugo.com\/wp-content\/uploads\/2021\/05\/vladimir_lugo_desarrolla_las_IDEAS_de_tu_presencia_digital-800x419.jpg 800w, https:\/\/vladimirlugo.com\/wp-content\/uploads\/2021\/05\/vladimir_lugo_desarrolla_las_IDEAS_de_tu_presencia_digital.jpg 1600w\" sizes=\"(max-width: 1024px) 100vw, 1024px\" \/><figcaption>Vladimir Lugo: Desarrolla las IDEAS de tu Presencia Digital<\/figcaption><\/figure>\n\n\n\n<p><p><span class=\"k-dropcap style-2\">N<\/span><\/p>o es f\u00e1cil decidir por d\u00f3nde comenzar cuando deseas abrir un sitio web nuevo o refinar un sitio web existente. Tu presencia digital no tiene que convertirse en un ejercicio de futilidad y de golpear el aire. Ahora te puedes apoyar en la gu\u00eda <em>Desarrolla las IDEAS de tu presencia digital: Gu\u00eda paso a paso para desarrollar la identidad, direcci\u00f3n, estrategia, alineaci\u00f3n, sello, y metacontenido de tu sitio web.<\/em><\/p>\n\n\n\n<h3 class=\"wp-block-heading\">El problema<\/h3>\n\n\n\n<p>Hay tanta informaci\u00f3n disponible en la web, tantos puntos de partida, tantos servicios para publicar un sitio web r\u00e1pido y f\u00e1cil, que se nos dificulta definir una estrategia de presencia digital clara, concisa, y que sirva para responder a las demandas de una red interconectada de recursos.<\/p>\n\n\n\n<ul><li>Sufrimos par\u00e1lisis por la multitud de opciones<\/li><li>Creemos que debemos aprender muchas t\u00e9cnicas antes de lanzar el sitio web<\/li><li>Pensamos que hay tantas herramientas para implementar<\/li><li>Nos apresuramos a los aspectos t\u00e9cnicos de la web<\/li><li>Descuidamos los asuntos que se relacionan directamente a nuestro mensaje<\/li><\/ul>\n\n\n\n<p>Esta gu\u00eda es parte de la soluci\u00f3n, ya que te permite responder a una serie de preguntas cuyo prop\u00f3sito es el de aclarar las motivaciones, los prop\u00f3sitos, la audiencia, y el mensaje principal de tu sitio web. Haz clic en el bot\u00f3n a continuaci\u00f3n para obtener la gu\u00eda de forma gratuita por tiempo limitado.<\/p>\n\n\n\n<div style=\"height:40px\" aria-hidden=\"true\" class=\"wp-block-spacer\"><\/div>\n\n\n\n<div class=\"wp-block-buttons is-content-justification-center is-layout-flex wp-block-buttons-is-layout-flex\">\n<div class=\"wp-block-button\"><a class=\"wp-block-button__link has-background\" href=\"#mailmunch-pop-529203\" style=\"border-radius:5px;background-color:#f37c5c\">QUIERO LA GU\u00cdA AHORA<\/a><\/div>\n<\/div>\n\n\n\n<div style=\"height:30px\" aria-hidden=\"true\" class=\"wp-block-spacer\"><\/div>\n\n\n\n<blockquote class=\"wp-block-quote\"><p> La estrategia siempre precede la t\u00e1ctica.&nbsp; <\/p><cite>&#8211; Vladimir Lugo<\/cite><\/blockquote>\n\n\n\n<p> La estrategia y la t\u00e1ctica nutren la capacidad de an\u00e1lisis que podamos tener. El prop\u00f3sito de esta gu\u00eda es ayudarte a dise\u00f1ar una presencia digital s\u00f3lida e informada. <\/p>\n\n\n\n<h3 class=\"wp-block-heading\">La soluci\u00f3n<\/h3>\n\n\n\n<p>Re\u00fane a tu equipo de trabajo y completen juntos la gu\u00eda <em>Desarrolla las IDEAS de tu presencia digital<\/em>.<\/p>\n\n\n\n<p>La gu\u00eda <em>Desarrolla las IDEAS de tu presencia digital<\/em> te permitir\u00e1 aprender el proceso mediante el cual se construyen sitios web de gran impacto, que atraen a los visitantes de tu audiencia modelo.<\/p>\n\n\n\n<p>No te preocupes si nunca hab\u00edas lanzado un sitio web, la gu\u00eda <em>Desarrolla las IDEAS de tu presencia digital<\/em>, te llevar\u00e1 paso a paso a crear el contenido que nutrir\u00e1 tu sitio web y lo optimizar\u00e1 para que trabaje de la mano con los motores de b\u00fasqueda m\u00e1s importantes.<\/p>\n\n\n\n<div style=\"height:40px\" aria-hidden=\"true\" class=\"wp-block-spacer\"><\/div>\n\n\n\n<div class=\"wp-block-buttons is-content-justification-center is-layout-flex wp-block-buttons-is-layout-flex\">\n<div class=\"wp-block-button\"><a class=\"wp-block-button__link has-background\" href=\"#mailmunch-pop-529203\" style=\"border-radius:5px;background-color:#f37c5c\">QUIERO LA GU\u00cdA AHORA<\/a><\/div>\n<\/div>\n\n\n\n<div style=\"height:30px\" aria-hidden=\"true\" class=\"wp-block-spacer\"><\/div>\n\n\n\n<h3 class=\"wp-block-heading\">La gu\u00eda<\/h3>\n\n\n\n<p>Con la gu\u00eda <em>Desarrolla las IDEAS de tu presencia digital<\/em>&nbsp;aprender\u00e1s:<\/p>\n\n\n\n<ul><li>A refinar la identidad propia de tu sitio web<\/li><li>A visualizar la direcci\u00f3n de tu estrategia digital<\/li><li>A escribir una estrategia clara para tu sitio web y destilar tu proposici\u00f3n de valor<\/li><li>A alinear tu estrategia con todos los aspectos de tu sitio web<\/li><li>A clarificar tu sello y tu marca personal<\/li><li>A desarrollar el metacontenido que alimentar\u00e1 las p\u00e1ginas de tu sitio web<\/li><\/ul>\n\n\n\n<p>No te preocupes, la gu\u00eda es f\u00e1cil de seguir, te lleva de la mano paso a paso y puedes usarla como gu\u00eda de trabajo de forma individual o en grupo. Descarga la gu\u00eda ahora mismo, la cual se ofrece gratis por tiempo limitado.<\/p>\n\n\n\n<div style=\"height:40px\" aria-hidden=\"true\" class=\"wp-block-spacer\"><\/div>\n\n\n\n<div class=\"wp-block-buttons is-content-justification-center is-layout-flex wp-block-buttons-is-layout-flex\">\n<div class=\"wp-block-button\"><a class=\"wp-block-button__link has-background\" href=\"#mailmunch-pop-529203\" style=\"border-radius:5px;background-color:#f37c5c\">QUIERO LA GU\u00cdA AHORA<\/a><\/div>\n<\/div>\n\n\n\n<div style=\"height:30px\" aria-hidden=\"true\" class=\"wp-block-spacer\"><\/div>\n\n\n\n<h3 class=\"wp-block-heading\"> Y t\u00fa, \u00bfpudiste completar todas las secciones de la gu\u00eda con facilidad?&nbsp;\u00bfUsas alg\u00fan otro sistema para planificar tu presencia digital? <\/h3>\n","protected":false},"excerpt":{"rendered":"<p>Tu presencia digital no tiene que convertirse en un ejercicio de futilidad y de golpear el aire. Ahora te puedes apoyar en la gu\u00eda\u00a0Desarrolla las IDEAS de tu presencia digital&#8230;<\/p>\n","protected":false},"author":1,"featured_media":9823,"parent":0,"menu_order":0,"comment_status":"open","ping_status":"closed","template":"","meta":{"footnotes":""},"translation":{"provider":"WPGlobus","version":"3.0.2","language":"es","enabled_languages":["en","es"],"languages":{"en":{"title":true,"content":true,"excerpt":true},"es":{"title":true,"content":true,"excerpt":false}}},"_links":{"self":[{"href":"https:\/\/vladimirlugo.com\/es\/wp-json\/wp\/v2\/pages\/2123"}],"collection":[{"href":"https:\/\/vladimirlugo.com\/es\/wp-json\/wp\/v2\/pages"}],"about":[{"href":"https:\/\/vladimirlugo.com\/es\/wp-json\/wp\/v2\/types\/page"}],"author":[{"embeddable":true,"href":"https:\/\/vladimirlugo.com\/es\/wp-json\/wp\/v2\/users\/1"}],"replies":[{"embeddable":true,"href":"https:\/\/vladimirlugo.com\/es\/wp-json\/wp\/v2\/comments?post=2123"}],"version-history":[{"count":37,"href":"https:\/\/vladimirlugo.com\/es\/wp-json\/wp\/v2\/pages\/2123\/revisions"}],"predecessor-version":[{"id":9837,"href":"https:\/\/vladimirlugo.com\/es\/wp-json\/wp\/v2\/pages\/2123\/revisions\/9837"}],"wp:featuredmedia":[{"embeddable":true,"href":"https:\/\/vladimirlugo.com\/es\/wp-json\/wp\/v2\/media\/9823"}],"wp:attachment":[{"href":"https:\/\/vladimirlugo.com\/es\/wp-json\/wp\/v2\/media?parent=2123"}],"curies":[{"name":"wp","href":"https:\/\/api.w.org\/{rel}","templated":true}]}}