{"id":25,"date":"2015-05-26T15:50:02","date_gmt":"2015-05-26T22:50:02","guid":{"rendered":"http:\/\/www.vladimirlugo.com\/?page_id=25"},"modified":"2020-03-30T17:10:31","modified_gmt":"2020-03-31T00:10:31","slug":"privacy","status":"publish","type":"page","link":"https:\/\/vladimirlugo.com\/es\/confidencialidad\/","title":{"rendered":"Confidencialidad"},"content":{"rendered":"<p><p><span class=\"k-dropcap \">R<\/span><\/p>espetamos y estamos comprometidos a proteger su privacidad. Es precisamente por esta raz\u00f3n que hemos adoptado la siguiente Pol\u00edtica de Privacidad, la cual le dejar\u00e1 saber la forma como nosotros utilizamos su informaci\u00f3n personal. Le prometemos que tomaremos los pasos necesarios para usar su informaci\u00f3n personal solo en maneras que son compatibles con nuestra pol\u00edtica. La siguiente pol\u00edtica est\u00e1 en vigencia y en vigor solo para nuestras p\u00e1ginas web, comunicados, listas y foros de discusi\u00f3n, y listas de anuncios, los cuales usted ha optado por recibir, y son operados por Vladimir Lugo (La red incluye sitios web y otras propiedades de medios electr\u00f3nicos en la Internet, enlazadas desde las p\u00e1ginas principales de vladimirlugo.com). A continuaci\u00f3n nuestra Pol\u00edtica de Privacidad.<\/p>\n<p>\u00bf<strong>Qu\u00e9 informaci\u00f3n estamos recolectando y de qu\u00e9 forma?<\/strong><\/p>\n<p>Cada computador u ordenador conectado a la Internet tiene un nombre \u00fanico de dominio y un conjunto de n\u00fameros que sirven como la direcci\u00f3n de esa computadora en la red, o direcci\u00f3n de protocolo de internet IP (del ingl\u00e9s, \u201cInternet Protocol\u201d). Cuando un usuario visita una p\u00e1gina de cualquier sitio web, los servidores autom\u00e1ticamente reconocen el dominio y la direcci\u00f3n de IP que origin\u00f3 la solicitud. El nombre de dominio y la direcci\u00f3n de IP no revelan por s\u00ed mismos ninguna informaci\u00f3n personal acerca del usuario. Nosotros utilizamos esta informaci\u00f3n para examinar nuestro tr\u00e1fico en informes agregados, y para investigar cualquier uso incorrecto o no autorizado de la red Vladimir Lugo, de sus usuarios, o para cooperar con las autoridades legales, si as\u00ed lo requieren. Por favor lea la secci\u00f3n, \u201c\u00bfCompartir\u00e1n mi informaci\u00f3n con terceros?\u201d Nosotros no recolectamos y evaluamos esta informaci\u00f3n para conectarla con individuos espec\u00edficos. Nuestros servidores autom\u00e1ticamente registran las direcciones de correo electr\u00f3nico de nuestros visitantes, pero solamente cuando ellos han acordado prove\u00e9rnoslas.<\/p>\n<p><strong>\u00bfQu\u00e9 son \u201ccookies\u201d?<\/strong><\/p>\n<p>De vez en cuando, Vladimir Lugo o sus anunciantes pudiesen enviar una \u201ccookie\u201d a su computadora. Una \u201ccookie\u201d es una peque\u00f1o archivo de data que es enviado a su navegador de web desde el servidor web y es almacenado en el disco duro de su computadora u ordenador. Una \u201ccookie\u201d no puede leer data del disco duro de su computadora o leer otras \u201ccookies\u201d generadas por otros patrocinadores o sitios web. Las \u201ccookies\u201d no tienen el potencial de da\u00f1ar su sistema. Utilizamos \u201ccookies\u201d para identificar cu\u00e1les \u00e1reas de la red de Vladimir Lugo usted ha visitado o personalizado, para que as\u00ed esas p\u00e1ginas y personalizaciones est\u00e9n disponibles de inmediato. Nuestros anunciantes pudieran tambi\u00e9n utilizar \u201ccookies\u201d para determinar cu\u00e1ntas veces ha visto un aviso publicitario. Tanto nuestros anunciantes como nosotros podr\u00edamos utilizar esta informaci\u00f3n para personalizar mejor el contenido para usted, incluyendo los avisos publicitarios y promociones que usted ve en nuestro sitio web. Usted puede escoger no utilizar \u201ccookies\u201d cambiando las propiedades de su navegador web. Puede hacer que su navegador rechace todas las \u201ccookies,\u201d o si o prefiere, que le avise cuando una \u201ccookie\u201d le es enviada. Si usted escoge el no aceptar \u201ccookies,\u201d su experiencia en nuestro sitio web y otras direcciones de Internet se ver\u00e1 disminuida y algunas funciones tal vez no est\u00e9n disponibles de tal cual como fueron dise\u00f1adas.<\/p>\n<p><strong>La Cookie DoubleClick DART<\/strong><\/p>\n<p>Entre nuestros patrocinadores se encuentra Anuncios Google. Google utiliza una \u201ccookie\u201d de productos publicitarios conocida como DoubleClick DART para poder publicar promociones en nuestro sitio web que vayan de acuerdo con sus intereses. Las \u201ccookies\u201d DoubleClick DART ser\u00e1n transferidas a los sistemas de nuestros clientes y registrar\u00e1n los intereses de la gente para permitirle a Google mostrar publicidad de acuerdo a sus intereses.<\/p>\n<p>.:: Google utiliza \u201ccookies\u201d para server avisos publicitarios en nuestros sitios web.<br \/>\n.:: Google utiliza DART \u201ccookies\u201d para servir anuncios a nuestros usuarios basados en sus visitas a nuestros sitios web y a otros sitios en la Internet.<br \/>\n.:: Los usuarios pueden optar por no permitir el uso de DART \u201ccookies\u201d visitando la pol\u00edtica de privacidad de la red de contenido y Anuncios Google al siguiente enlace:&nbsp;<a href=\"http:\/\/www.google.com\/intl\/es\/policies\/privacy\/\">http:\/\/www.google.com\/intl\/es\/policies\/privacy\/<\/a><\/p>\n<p><strong>\u00bfC\u00f3mo utilizan im\u00e1genes gif claro o de p\u00edxel \u00fanico?<\/strong><\/p>\n<p>Vladimir Lugo y sus anunciantes pueden utilizar im\u00e1genes gif claro de p\u00edxel \u00fanico, a las cuales se les refiere en ingl\u00e9s como \u201cweb bug\u201d o \u201cweb beacon,\u201d para contar el n\u00famero de veces que se solicita una p\u00e1gina y recolectar informaci\u00f3n estad\u00edstica general. Vladimir Lugo no almacena informaci\u00f3n personal mediante el uso de estas im\u00e1genes. Nuestros anunciantes pudieran hacer uso de im\u00e1genes de p\u00edxel \u00fanico para recoger informaci\u00f3n de \u201ccookies\u201d que pudieran haberse almacenado anteriormente en la computadora del usuario.<\/p>\n<p><strong>\u00bfQu\u00e9 informaci\u00f3n recogen cuando me inscribo en alguno de sus servicios?<\/strong><\/p>\n<p>Vladimir Lugo ofrece acceso a algunos servicios que requieren inscripci\u00f3n. Es posible que utilicemos su informaci\u00f3n de contacto, suministrada por usted durante la inscripci\u00f3n, para enviarle notificaciones acerca de los productos y servicios de Vladimir Lugo por correo postal o electr\u00f3nico. Tambi\u00e9n es posible que compartamos esta informaci\u00f3n con nuestros anunciantes y otros clientes. Nuestros anunciantes pudieran enviarle materiales promocionales relacionados al t\u00f3pico del servicio en el cual usted se inscriba. Podr\u00edamos utilizar su direcci\u00f3n IP internamente y compartirla con terceros. Por favor lea la secci\u00f3n titulada \u201c\u00bfCompartir\u00e1n mi informaci\u00f3n con terceros?<\/p>\n<p><strong>\u00bfQu\u00e9 otra informaci\u00f3n podr\u00edan solicitar?<\/strong><\/p>\n<p>Tambi\u00e9n podr\u00edamos solicitar su direcci\u00f3n de correo electr\u00f3nico o postal con el prop\u00f3sito de conducir encuestas o proveer servicios adicionales (por ejemplo, suscripciones a boletines electr\u00f3nicos, listas de anuncios, informaci\u00f3n acerca de conferencias, eventos deportivos y de mercadeo). Siempre que solicitamos la identidad de un visitante indicaremos con claridad el prop\u00f3sito de la solicitud antes de que la informaci\u00f3n nos sea suministrada. Mantenemos una pol\u00edtica estricta en contra del correo no deseado (\u201cspam\u201d), lo cual significa que no vendemos, rentamos, o de ninguna otra forma proveemos de su direcci\u00f3n de correo postal o electr\u00f3nico a terceros sin su consentimiento o dentro de los l\u00edmites permitidos por nuestra Pol\u00edtica de Privacidad.<\/p>\n<p>De vez en cuando podr\u00edamos enviarle correos electr\u00f3nicos anunciando nuevos productos y servicios de Vladimir Lugo, con la excepci\u00f3n, tal como hemos explicado anteriormente, de que Vladimir Lugo no enviar\u00e1 comunicados que usted no haya acordado recibir. Si usted escoge proveernos su direcci\u00f3n postal en un formulario electr\u00f3nico, es posible que reciba correo de terceros y de otras compa\u00f1\u00edas.<\/p>\n<p>Cuando usted se inscribe en alguno de los foros de discusi\u00f3n de Vladimir Lugo, su nombre o sobrenombre se registra con el \u00fanico prop\u00f3sito de mantener su propia cuenta en estos foros. La informaci\u00f3n no se utiliza para monitorear su actividad en ning\u00fan foro o para identificarle fuera de la red de Vladimir Lugo.<\/p>\n<p>Cuando usted utiliza servicios donde se combinan m\u00e1s de un proveedor o terceros dentro de la red de Vladimir Lugo, su informaci\u00f3n pudiera ser compartida con aquellos proveedores o terceros, y el uso que estos hagan de su informaci\u00f3n depender\u00e1 de sus propias pol\u00edticas de privacidad.<\/p>\n<p><strong>\u00bfQu\u00e9 informaci\u00f3n recogen cuando compro algo?<\/strong><\/p>\n<p>Si usted compra algo de Vladimir Lugo, nosotros, y generalmente cualquier tercero involucrado en la transacci\u00f3n, necesitamos saber su nombre, correo electr\u00f3nico y postal, n\u00famero de tarjeta de cr\u00e9dito y fecha de expiraci\u00f3n. Esto nos permite, tanto a nosotros como a nuestros anunciantes, el procesar y completar su orden y notificarle del estado de la transacci\u00f3n. Puede que tambi\u00e9n usemos esta informaci\u00f3n para notificarle acerca de productos o servicios relacionados. La informaci\u00f3n de su correo electr\u00f3nico o postal y de su tarjeta de cr\u00e9dito no ser\u00e1 compartida o vendida a terceros bajo ninguna circunstancia sin su consentimiento escrito, excepto por aquellas provistas en esta Pol\u00edtica de Privacidad.<\/p>\n<p>Algunos servicios de Vladimir Lugo utilizan un carrito de compras para proteger su informaci\u00f3n mediante el uso de servidores de codificaci\u00f3n de SSL (Secure Socket Layer, por sus siglas en ingl\u00e9s). SSL codifica la informaci\u00f3n que se transfiere entre usted y nuestros servidores, convirti\u00e9ndola en ilegible a cualquiera que trate de interceptarla durante la transmisi\u00f3n. Otros servicios de Vladimir Lugo no utilizan SSL y por lo tanto no ofrecen una via segura para transmitir informaci\u00f3n codificada.<\/p>\n<p>En todo caso, cada vez que Vladimir Lugo recolecte informaci\u00f3n personal haremos lo posible por incluir un enlace a la Pol\u00edtica de Privacidad mantenida en esta p\u00e1gina.<\/p>\n<p><strong>\u00bfCompartir\u00e1n mi informaci\u00f3n con terceros?<\/strong><\/p>\n<ul>\n<li>Vladimir Lugo compartir\u00e1 informaci\u00f3n personal y\/o su direcci\u00f3n de IP cuando as\u00ed sea requerido por ley o como una acci\u00f3n de buena fe cuando tal acci\u00f3n sea necesaria para:<\/li>\n<li>Cooperar con las investigaciones de actividades ilegales y apegarse a los edictos de la ley o acatar cualquier proceso legal donde Vladimir Lugo intervenga,<\/li>\n<li>Proteger y defender los derechos y la propiedad de la red de sitios de Vladimir Lugo y sus propiedades o a los visitantes de Vladimir Lugo y sus propiedades,<\/li>\n<li>Identificar a personas quienes puedan estar violando la ley, el acuerdo de condiciones de uso de Vladimir Lugo, los derechos de terceros, o dando mal uso a la red de Vladimir Lugo y sus propiedades.<\/li>\n<li>Completar la orden o petici\u00f3n de alg\u00fan usuario.<\/li>\n<\/ul>\n<p>Vladimir Lugo hace uso de precauciones razonables para mantener la informaci\u00f3n que nos es suministrada de forma segura. Vladimir Lugo se reserva el derecho de transferir esta informaci\u00f3n en conexi\u00f3n con la venta de los activos de capital y acciones, ya sea en parte o en su totalidad de Vladimir Lugo. M\u00e1s a\u00fan, no nos hacemos responsables por cualquier intrusi\u00f3n de la seguridad o por cualquier acci\u00f3n que terceros puedan tomar al recibir esta informaci\u00f3n. No nos hacemos responsables de las pol\u00edticas de privacidad de terceros o por la manera como ellos utilicen la informaci\u00f3n. Por favor lea la secci\u00f3n, \u201c\u00bfQu\u00e9 informaci\u00f3n recogen cuando me inscribo en alguno de sus servicios?\u201d<\/p>\n<p><strong>Pol\u00edtica de Privacidad sobre la lista de anuncios optativos opt-in<\/strong><\/p>\n<p>Como un beneficio a\u00f1adido a nuestros visitantes de la red de sitios web de Vladimir Lugo, podr\u00edamos enviar anuncios por correo electr\u00f3nico a aquellos individuos que as\u00ed lo soliciten. Cuando usted se inscribe para recibir un bolet\u00edn electr\u00f3nico de Vladimir Lugo, tambi\u00e9n se le da la oportunidad de recibir listas de anuncios. Usted tiene la opci\u00f3n de recibir o no esta lista de anuncios; s\u00f3lo recibir\u00e1 informaci\u00f3n acerca de las listas que usted escoja. Si usted escoge recibir una lista de anuncios espec\u00edfica, entonces tambi\u00e9n podr\u00e1 recibir mensajes comerciales relacionados al t\u00f3pico de la lista, provenientes de terceros con los cuales mantenemos relaciones contractuales y\/o de sus asociados. No permitiremos que la informaci\u00f3n que le identifique personalmente sea usada por JUPM o por PostMasterDirect o Google para otro prop\u00f3sito que no sea el de enviarle el anuncio electr\u00f3nico. Usted podr\u00e1 optar por no continuar recibiendo estas listas de anuncios cuando usted lo desee solicitando que su correo electr\u00f3nico sea removido de la lista, escribi\u00e9ndonos a <a href=\"mailto:legal@vladimirlugo.com\">legal@vladimirlugo.com<\/a>, o siguiendo las instrucciones en los correos electr\u00f3nicos que usted reciba.<\/p>\n<p><strong>\u00bfQu\u00e9 m\u00e1s necesito saber sobre mi privacidad cuando me encuentro conectado en l\u00ednea?<\/strong><\/p>\n<p>La red de Vladimir Lugo contiene muchos hiperenlaces a sitios web de terceros. Tambi\u00e9n contiene anuncios publicitarios de terceros. Vladimir Lugo no se hace responsable por las pr\u00e1cticas de privacidad o el contenido de tales terceros. Vladimir Lugo no comparte ninguna porci\u00f3n de la informaci\u00f3n personal que usted nos provee con los terceros a los cuales enlazamos desde nuestras p\u00e1ginas, excepto que se diga lo contrario en esta Pol\u00edtica de Privacidad, a pesar de que s\u00ed pudi\u00e9ramos compartir datos agregados con terceros (tales como el n\u00famero de personas que usa nuestros sitios web). Por favor revise las pol\u00edticas de privacidad de esos sitios web.<\/p>\n<p>Por favor mantenga en mente que cualquiera sea la informaci\u00f3n personal que usted comparta en l\u00ednea \u2013 por ejemplo, mediante correo electr\u00f3nico, foros de discusi\u00f3n, o alg\u00fan otro medio \u2013 esta informaci\u00f3n pude ser interceptada, recopilada y utilizada por otros. O sea, si usted publica informaci\u00f3n personal en l\u00ednea que es accesible al p\u00fablico, usted pudiera comenzar a recibir mensajes que no solicit\u00f3 de otros.<\/p>\n<p>Finalmente, usted es el \u00fanico responsable por mantener su informaci\u00f3n personal en un lugar seguro. Por favor sea cuidadoso y responsable siempre que se encuentre en l\u00ednea navegando en la Internet.<\/p>\n<p><strong>Sus derechos bajo la Regulaci\u00f3n General de Protecci\u00f3n de Datos o GDPR<\/strong><\/p>\n<p>Si vive en alguno de los pa\u00edses de la Comunidad Europea, tiene ciertos derechos bajo la nueva Regulaci\u00f3n General de Protecci\u00f3n de Datos o GDPR (por sus siglas en ingl\u00e9s, de General Data Protection Regulation). Estos derechos incluyen:<\/p>\n<p>Retendremos cualquier informaci\u00f3n que nos haya facilitado hasta que suceda lo primero entre: (a) que nos pida que la borremos, (b) que nosotros decidamos borrarla utilizando cualquiera de nuestros proveedores de datos, o (c) que nuestra empresa decida que el valor de retener su data es menor que los costos operacionales para mantenerla.<\/p>\n<p>Tiene el derecho a solicitar acceso a su data que almacenemos y a corregir o borrar sus datos personales.<\/p>\n<p>Tiene el derecho de procurar restringirnos el procesamiento de sus datos.<\/p>\n<p>Tiene el derecho a objetar el procesamiento de sus datos y el derecho a transportarlos a otro proveedor.<\/p>\n<p>Para ejercitar cualquiera de estos derechos, por favor cont\u00e1ctanos usando la informaci\u00f3n al final de este documento.<\/p>\n<p>Siendo que me ha provisto del consentimiento para guardar y procesar sus datos personales, tambi\u00e9n tiene el derecho a retirar dicho consentimiento en cualquier momento, sin afectar la legalidad por consentimiento otorgado con anterioridad a retirarlo.<\/p>\n<p>Tiene el derecho de someter una queja formal con alguna entidad supervisora que tenga jurisdicci\u00f3n sobre asuntos relacionados a la Regulaci\u00f3n General de Protecci\u00f3n de Datos o GDPR en Europa.<\/p>\n<p>S\u00f3lo requeriremos informaci\u00f3n razonable para proveerle de nuestros servicios gratuitos o contratados. Nunca le obligaremos a darnos consentimiento innecesario para el procesamiento de sus datos como requisito para entrar en relaci\u00f3n contractual con nosotros.<\/p>\n<p><strong>Sus derechos bajo la Ley de Privacidad del Consumidor de California o CCPA<\/strong><\/p>\n<p>Las leyes de California le permite a sus residentes, una vez que sea solicitado por el consumidor, el solicitar al negocio que colecta informaci\u00f3n personal del consumidor el acceso a tal informaci\u00f3n. Esto incluye categor\u00edas y art\u00edculos espec\u00edficos de informaci\u00f3n personal que el con negocio haya almacenado del consumidor, las categor\u00edas de las fuentes de la informaci\u00f3n, el prop\u00f3sito comercial para colectar tal informaci\u00f3n, y las categor\u00edas de aquellos terceros con quienes se comparta la informaci\u00f3n.<\/p>\n<p>Los residentes de California tienen el derecho de solicitar que su informaci\u00f3n sea borrada o eliminada bajo ciertas circunstancias. Este no es un derecho absoluto, y en ciertas circunstancias, Vladimir Lugo pudiese negarse a borar la informaci\u00f3n, como cuando Vladimir Lugo mantenga una relaci\u00f3n corriente de negocio con usted, cuando tenga una necesidad continua de usar la informaci\u00f3n para los prop\u00f3sitos descritos en esta Pol\u00edtica de Privacidad y Confidencialidad, o cuando est\u00e9 legalmente requerido a preservar esta informaci\u00f3n.<\/p>\n<p>Consistente con las leyes de California, si elije ejercitar sus derechos, no le cobraremos un precio diferente ni cambiaremos la calidad de servicio que usted reciba, a menos que tales servicios est\u00e9n ligados a su informaci\u00f3n.<\/p>\n<p><em>\u00bfC\u00f3mo someter una petici\u00f3n para obtener copias o para borrar su informaci\u00f3n?<\/em><\/p>\n<p>Si desea someter una petici\u00f3n para obtener sus datos, les animamos a enviar los detalles por correo electr\u00f3nico a legal@vladimirlugo.com o por tel\u00e9fono a (626) 656-5846.<\/p>\n<p>Despu\u00e9s de someter su solicitud, le pediremos que confirme su direcci\u00f3m de correo electr\u00f3nico y posiblemente alguna otra informaci\u00f3n que sea necesaria para verificar su identidad, incluyendo el someter una declaraci\u00f3n jurada bajo pena de penalidad o perjuicio. Vladimir Lugo tratar\u00e1 de verificar su identidad pidi\u00e9ndole informaci\u00f3n que se correlacione con la informaci\u00f3n que ya haya provisto y hayamos recopilado acerca de usted. En aquellas instancias donde esto no sea posible, Vladimir Lugo podr\u00e1 solicitarle que provea informaci\u00f3n adicional para verificaci\u00f3n, tal como, prueba de residencia o una identificaci\u00f3n de gobierno oficial. Por favor note que, en consistencia con las leyes de California, no podremos satisfacer su solicitud hasta que su identidad no haya sido validada satisfactoriamente.<\/p>\n<p>Tambi\u00e9n tiene el derecho de designar un agente autorizado para que haga la solicitud a favor de usted. Para designar a un agente autorizado, debe proveer Vladimir Lugo de un permiso escritp para que dicho agente gestione su informaci\u00f3n a su favor, o proveer un poder legal de organismos oficiales, y una identificaci\u00f3n v\u00e1lida emitida por una entidad del gobierno.<\/p>\n<p><strong>Su consentimiento con este acuerdo<\/strong><\/p>\n<p>Al utilizar nuestra red, usted consiente la recolecci\u00f3n y el uso de su informaci\u00f3n por Vladimir Lugo y sus afiliados, tal cual como se especifica anteriormente. Si decidimos cambiar nuestra Pol\u00edtica de Privacidad, publicaremos estos cambios en esta p\u00e1gina para que siempre est\u00e9 apercibido de la informaci\u00f3n que recolectamos, c\u00f3mo la usamos, y bajo qu\u00e9 circunstancias la podr\u00edamos compartir con terceros.<\/p>\n<p>Por favor env\u00edenos cualquier pregunta o comentario acerca de la Pol\u00edtica de Privacidad de Vladimir Lugo a: <a href=\"mailto:legal@vladimirlugo.com\">legal@vladimirlugo.com<\/a>.<\/p>\n","protected":false},"excerpt":{"rendered":"<p>espetamos y estamos comprometidos a proteger su privacidad. Es precisamente por esta raz\u00f3n que hemos adoptado la siguiente Pol\u00edtica de Privacidad, la cual le dejar\u00e1 saber la forma como nosotros utilizamos su informaci\u00f3n personal. Le prometemos que tomaremos los pasos necesarios para usar su informaci\u00f3n personal solo en maneras que son compatibles con nuestra pol\u00edtica.&hellip;<\/p>\n","protected":false},"author":1,"featured_media":0,"parent":0,"menu_order":0,"comment_status":"closed","ping_status":"closed","template":"","meta":{"footnotes":""},"translation":{"provider":"WPGlobus","version":"3.0.2","language":"es","enabled_languages":["en","es"],"languages":{"en":{"title":true,"content":true,"excerpt":false},"es":{"title":true,"content":true,"excerpt":false}}},"_links":{"self":[{"href":"https:\/\/vladimirlugo.com\/es\/wp-json\/wp\/v2\/pages\/25"}],"collection":[{"href":"https:\/\/vladimirlugo.com\/es\/wp-json\/wp\/v2\/pages"}],"about":[{"href":"https:\/\/vladimirlugo.com\/es\/wp-json\/wp\/v2\/types\/page"}],"author":[{"embeddable":true,"href":"https:\/\/vladimirlugo.com\/es\/wp-json\/wp\/v2\/users\/1"}],"replies":[{"embeddable":true,"href":"https:\/\/vladimirlugo.com\/es\/wp-json\/wp\/v2\/comments?post=25"}],"version-history":[{"count":8,"href":"https:\/\/vladimirlugo.com\/es\/wp-json\/wp\/v2\/pages\/25\/revisions"}],"predecessor-version":[{"id":9763,"href":"https:\/\/vladimirlugo.com\/es\/wp-json\/wp\/v2\/pages\/25\/revisions\/9763"}],"wp:attachment":[{"href":"https:\/\/vladimirlugo.com\/es\/wp-json\/wp\/v2\/media?parent=25"}],"curies":[{"name":"wp","href":"https:\/\/api.w.org\/{rel}","templated":true}]}}