{"id":418,"date":"2015-07-29T13:33:08","date_gmt":"2015-07-29T20:33:08","guid":{"rendered":"http:\/\/www.vladimirlugo.com\/?page_id=418"},"modified":"2020-03-04T15:12:50","modified_gmt":"2020-03-04T23:12:50","slug":"construir","status":"publish","type":"page","link":"https:\/\/vladimirlugo.com\/es\/contratar\/construir\/","title":{"rendered":"Construir"},"content":{"rendered":"<p><p><span class=\"k-dropcap \">H<\/span><\/p>e creado un paquete robusto de servicios para establecer tu presencia en la Internet de forma s\u00f3lida, integrada, y visible. Este paquete es ideal para ministros que quieren llevar su alcance a otro nivel, nuevos autores que necesitan construir su plataforma en l\u00ednea, e iglesias y otras organizaciones que desean revisar de manera total su estrategia web.<\/p>\n<p>El paquete incluye una lista de m\u00e1s de cien tareas que van desde la asesor\u00eda estrat\u00e9gica hasta la implementaci\u00f3n t\u00e9cnica de, entre otras:<\/p>\n<ul>\n<li><strong>Estrategia<\/strong>: Diez actividades de presencia web que cubren tu sitio, tu contenido, tus redes sociales,\u00a0 medios y m\u00f3vil<\/li>\n<li><strong>Entrenamiento<\/strong>: Veinte actividades de instrucci\u00f3n t\u00e9cnica para\u00a0usar tu blog, correo electr\u00f3nico, motores de b\u00fasqueda, dise\u00f1o gr\u00e1fico y edici\u00f3n<\/li>\n<li><strong>Ejecuci\u00f3n<\/strong>: Setenta actividades de planificaci\u00f3n y desarrollo para implementar las tecnolog\u00edas en tu estrategia<\/li>\n<\/ul>\n<p>Las actividades de este paquete de servicios est\u00e1n alineadas a las recomendaciones probadas de Michael Hyatt en su excelente libro<br \/>\n<em><a href=\"http:\/\/vla.lu\/l01\" target=\"_blank\" rel=\"noopener noreferrer\">Plataforma: Hazte o\u00edr en un mundo ruidoso<\/a><img decoding=\"async\" loading=\"lazy\" style=\"border: none !important; margin: 0px !important; text-align: center;\" src=\"http:\/\/ir-na.amazon-adsystem.com\/e\/ir?t=vladimirlugomt-20&amp;l=as2&amp;o=1&amp;a=B00AG3OUJI\" alt=\"\" width=\"1\" height=\"1\" border=\"0\" \/><\/em>.<\/p>\n<p><a href=\"http:\/\/vla.lu\/l01\" rel=\"nofollow\"><img decoding=\"async\" loading=\"lazy\" class=\"alignnone\" src=\"http:\/\/ws-na.amazon-adsystem.com\/widgets\/q?_encoding=UTF8&amp;ASIN=B00AG3OUJI&amp;Format=_SL250_&amp;ID=AsinImage&amp;MarketPlace=US&amp;ServiceVersion=20070822&amp;WS=1&amp;tag=vladimirlugomt-20\" alt=\"\" width=\"163\" height=\"250\" border=\"0\" \/><\/a><img decoding=\"async\" loading=\"lazy\" style=\"border: none !important; margin: 0px !important;\" src=\"http:\/\/ir-na.amazon-adsystem.com\/e\/ir?t=vladimirlugomt-20&amp;l=as2&amp;o=1&amp;a=B00AG3OUJI\" alt=\"\" width=\"1\" height=\"1\" border=\"0\" \/><\/p>\n<p>&nbsp;<\/p>\n<p>Si quieres\u00a0los detalles acerca de este paquete de servicios o alguna porci\u00f3n de estos, por favor visita la p\u00e1gina de <a href=\"http:\/\/www.vladimirlugo.com\/index.php\/contactar\/\">CONTACTAR<\/a>. Te responder\u00e9 a la brevedad posible.<\/p>\n<p>&nbsp;<\/p>\n","protected":false},"excerpt":{"rendered":"<p>e creado un paquete robusto de servicios para establecer tu presencia en la Internet de forma s\u00f3lida, integrada, y visible. Este paquete es ideal para ministros que quieren llevar su alcance a otro nivel, nuevos autores que necesitan construir su plataforma en l\u00ednea, e iglesias y otras organizaciones que desean revisar de manera total su&hellip;<\/p>\n","protected":false},"author":1,"featured_media":424,"parent":173,"menu_order":3,"comment_status":"closed","ping_status":"closed","template":"","meta":{"footnotes":""},"translation":{"provider":"WPGlobus","version":"3.0.2","language":"es","enabled_languages":["en","es"],"languages":{"en":{"title":true,"content":true,"excerpt":false},"es":{"title":true,"content":false,"excerpt":false}}},"_links":{"self":[{"href":"https:\/\/vladimirlugo.com\/es\/wp-json\/wp\/v2\/pages\/418"}],"collection":[{"href":"https:\/\/vladimirlugo.com\/es\/wp-json\/wp\/v2\/pages"}],"about":[{"href":"https:\/\/vladimirlugo.com\/es\/wp-json\/wp\/v2\/types\/page"}],"author":[{"embeddable":true,"href":"https:\/\/vladimirlugo.com\/es\/wp-json\/wp\/v2\/users\/1"}],"replies":[{"embeddable":true,"href":"https:\/\/vladimirlugo.com\/es\/wp-json\/wp\/v2\/comments?post=418"}],"version-history":[{"count":1,"href":"https:\/\/vladimirlugo.com\/es\/wp-json\/wp\/v2\/pages\/418\/revisions"}],"predecessor-version":[{"id":9717,"href":"https:\/\/vladimirlugo.com\/es\/wp-json\/wp\/v2\/pages\/418\/revisions\/9717"}],"up":[{"embeddable":true,"href":"https:\/\/vladimirlugo.com\/es\/wp-json\/wp\/v2\/pages\/173"}],"wp:featuredmedia":[{"embeddable":true,"href":"https:\/\/vladimirlugo.com\/es\/wp-json\/wp\/v2\/media\/424"}],"wp:attachment":[{"href":"https:\/\/vladimirlugo.com\/es\/wp-json\/wp\/v2\/media?parent=418"}],"curies":[{"name":"wp","href":"https:\/\/api.w.org\/{rel}","templated":true}]}}