{"id":61,"date":"2015-05-30T06:18:50","date_gmt":"2015-05-30T13:18:50","guid":{"rendered":"http:\/\/www.vladimirlugo.com\/?page_id=61"},"modified":"2020-03-04T15:12:23","modified_gmt":"2020-03-04T23:12:23","slug":"consultar","status":"publish","type":"page","link":"https:\/\/vladimirlugo.com\/es\/contratar\/consultar\/","title":{"rendered":"Consultar"},"content":{"rendered":"<p><p><span class=\"k-dropcap \">L<\/span><\/p>a <span style=\"color: #66bee3;\"><strong><em>Matriz de Tecnolog\u00edas Ministeriales<sup>\u00ae<\/sup><\/em><\/strong><\/span> es un concepto novedoso que le permite a cualquier organizaci\u00f3n cristiana establecer\u00a0un marco \u00a0de referencia para comprender, coordinar, y conducir\u00a0la tecnolog\u00eda con prop\u00f3sitos ministeriales. La <span style=\"color: #66bee3;\"><strong><em>Matriz de Tecnolog\u00edas Ministeriales\u2122<\/em><\/strong><\/span> funciona como nuestro modelo de <em>servicios de consultor\u00eda en tecnolog\u00edas de la informaci\u00f3n<\/em>. Es estrat\u00e9gica, pr\u00e1ctica y misional.<\/p>\n\t<div class=\"k-tabs style-1 clearfix\">\r\n\t\t<ul class=\"nav nav-tabs\" role=\"tablist\">\r\n\t\t\t\t\t\t\t<li class=\"active\" role=\"presentation\">\r\n\t\t\t\t\t<a href=\"#tabtab1-0-352384120\" role=\"tab\" data-toggle=\"tab\" aria-controls=\"tabtab1-0-352384120\">\r\n\t\t\t\t\t\t\t\t\t\t\t\t\t\t\t\t\t\tComprender\t\t\t\t\t<\/a>\r\n\t\t\t\t<\/li>\r\n\t\t\t\t\t\t\t\t<li class=\"\" role=\"presentation\">\r\n\t\t\t\t\t<a href=\"#tabtab1-1-352384120\" role=\"tab\" data-toggle=\"tab\" aria-controls=\"tabtab1-1-352384120\">\r\n\t\t\t\t\t\t\t\t\t\t\t\t\t\t\t\t\t\tCoordinar\t\t\t\t\t<\/a>\r\n\t\t\t\t<\/li>\r\n\t\t\t\t\t\t\t\t<li class=\"\" role=\"presentation\">\r\n\t\t\t\t\t<a href=\"#tabtab1-2-352384120\" role=\"tab\" data-toggle=\"tab\" aria-controls=\"tabtab1-2-352384120\">\r\n\t\t\t\t\t\t\t\t\t\t\t\t\t\t\t\t\t\tConducir\t\t\t\t\t<\/a>\r\n\t\t\t\t<\/li>\r\n\t\t\t\t\t\t<\/ul>\r\n\t\t<div class=\"tab-content\">\r\n\t\t\t\t\t\t\t<div class=\"tab-pane active\" id=\"tabtab1-0-352384120\" role=\"tabpanel\">\r\n\t\t\t\t\t<p><\/p>\n<h2 style=\"color: #66bee5;\">Comprender<\/h2>\n<p><a href=\"http:\/\/www.vladimirlugo.com\/wp-content\/uploads\/2015\/05\/comprehend.jpg\"><img decoding=\"async\" class=\"alignnone wp-image-146\" src=\"http:\/\/www.vladimirlugo.com\/wp-content\/uploads\/2015\/05\/comprehend.jpg\" alt=\"Comprender\" width=\"1060\" \/><\/a><\/p>\n<p>El comprender\u00a0consiste por lo menos de tres \u00e1reas:<\/p>\n<ul>\n<li>Conocer las bases b\u00edblicas de la tecnolog\u00eda. Aunque la Biblia no es un manual de tecnolog\u00eda, esto no significa que no este llena de referencias tecnol\u00f3gicas y de principios fundamentales que la gobiernan.<\/li>\n<li>Tener la capacidad de definir la tecnolog\u00eda y sus tres funciones b\u00e1sicas en un\u00a0sentido general para luego poder definir\u00a0el concepto de <em>tecnolog\u00eda ministerial<\/em>.<\/li>\n<li>Desarrollar\u00a0una visi\u00f3n amplia de la tecnolog\u00eda enmarcada en el contexto de la planificaci\u00f3n estrat\u00e9gica y la misi\u00f3n de la iglesia.<\/li>\n<\/ul>\n<p><\/p>\r\n\t\t\t\t<\/div>\r\n\t\t\t\t\t\t\t\t<div class=\"tab-pane \" id=\"tabtab1-1-352384120\" role=\"tabpanel\">\r\n\t\t\t\t\t<p><\/p>\n<h2 style=\"color: #66bee5;\">Coordinar<\/h2>\n<p><a href=\"http:\/\/www.vladimirlugo.com\/wp-content\/uploads\/2015\/05\/coordinate.jpg\"><img decoding=\"async\" class=\"alignnone size-full wp-image-147\" src=\"http:\/\/www.vladimirlugo.com\/wp-content\/uploads\/2015\/05\/coordinate.jpg\" alt=\"Coordinar\" width=\"1060\" \/><\/a><\/p>\n<p>El organizar es el paso siguiente al nuevo entendimiento adquirido, y consiste en:<\/p>\n<ul>\n<li>Crear o revisar el plan estrat\u00e9gico de la organizaci\u00f3n con el prop\u00f3sito de definir el rol que\u00a0las tecnolog\u00edas juegan en alcanzar las metas estrat\u00e9gicas.<\/li>\n<li>Establecer una\u00a0estructura organizacional\u00a0de inform\u00e1tica y de toda la tecnolog\u00eda basada\u00a0en la <span style=\"color: #66bee3;\"><strong><em>Matriz de Tecnolog\u00edas Ministeriales<sup>\u00ae<\/sup><\/em><\/strong><\/span>, la cual nos permite ser\u00a0buenos mayordomos al distribuir apropiadamente el tiempo, el talento y los tesoros de tu organizaci\u00f3n.<\/li>\n<li>Alinear estrat\u00e9gicamente el uso de la tecnolog\u00eda a cada una de las cinco funciones esenciales de la misi\u00f3n siguiendo dicha matriz.<\/li>\n<\/ul>\n<p><\/p>\r\n\t\t\t\t<\/div>\r\n\t\t\t\t\t\t\t\t<div class=\"tab-pane \" id=\"tabtab1-2-352384120\" role=\"tabpanel\">\r\n\t\t\t\t\t<p><\/p>\n<h2 style=\"color: #66bee5;\">Conducir<\/h2>\n<p><a href=\"http:\/\/www.vladimirlugo.com\/wp-content\/uploads\/2015\/05\/conduct.jpg\"><img decoding=\"async\" class=\"alignnone size-full wp-image-148\" src=\"http:\/\/www.vladimirlugo.com\/wp-content\/uploads\/2015\/05\/conduct.jpg\" alt=\"Conducir\" width=\"1060\" \/><\/a><\/p>\n<p>Una vez el marco de referencia es comprendido y establecido,\u00a0podemos proceder a mejorar la gerencia de tecnolog\u00eda mediante:<\/p>\n<ul>\n<li>Entender y aplicar los principios de sostenimiento y soporte t\u00e9cnico necesarios para alcanzar nuevos niveles de madurez tecnol\u00f3gica.<\/li>\n<li>Implementar una cultura de gerencia de proyectos que facilite la implementaci\u00f3n de toda nueva iniciativa.<\/li>\n<li>Mover el uso de la tecnolog\u00eda de sus primeras dos funciones b\u00e1sicas a la tercera funci\u00f3n b\u00e1sica, lo cual permite crear un sistema inteligente de retroalimentaci\u00f3n.<\/li>\n<\/ul>\n<p><\/p>\r\n\t\t\t\t<\/div>\r\n\t\t\t\t\t\t<\/div>\r\n\t<\/div>\r\n\t\n<p>&nbsp;<\/p>\n<p>Ayudo\u00a0a iglesias y a organizaciones cristianas a comprender, coordinar y conducir\u00a0sus iniciativas tecnol\u00f3gicas mediante la implementaci\u00f3n de la <span style=\"color: #66bee3;\"><strong><em>Matriz de Tecnolog\u00edas Ministeriales<sup>\u00ae<\/sup><\/em><\/strong><\/span>. Para tal fin,\u00a0he creado una serie de sesiones de discusi\u00f3n y planificaci\u00f3n, y un conjunto de\u00a0instrumentos que me permiten evaluar el estado presente de la organizaci\u00f3n, y crear un <span style=\"color: #66bee3;\"><strong><em>Mapa Personalizado de Madurez<\/em>\u2122<\/strong><\/span> que le permita alcanzar sus metas estrat\u00e9gicas mediante el desarrollo de las tecnolog\u00edas ministeriales.<\/p>\n<p>Las sesiones\u00a0est\u00e1n categorizadas en seminarios, con una duraci\u00f3n t\u00edpica de una hora y los cuales se pueden combinar en un\u00a0mismo d\u00eda; y talleres, los cuales tienen una duraci\u00f3n de tres horas cada uno.<\/p>\n<figure id=\"attachment_332\" aria-describedby=\"caption-attachment-332\" style=\"width: 895px\" class=\"wp-caption aligncenter\"><img decoding=\"async\" loading=\"lazy\" class=\"size-full wp-image-332\" src=\"http:\/\/www.vladimirlugo.com\/wp-content\/uploads\/2015\/05\/asesorar_tabla.png\" alt=\"Tabla de Seminarios y Talleres\" width=\"895\" height=\"660\" \/><figcaption id=\"caption-attachment-332\" class=\"wp-caption-text\">Seminarios y Talleres de la <strong><em>Matriz de Tecnolog\u00edas Ministeriales<sup>\u00ae<\/sup><\/em><\/strong><\/figcaption><\/figure>\n<p>Si tu organizaci\u00f3n desea completar el\u00a0<span style=\"color: #66bee3;\"><strong><em>Mapa Personalizado de Madurez<\/em>\u2122<\/strong><\/span>, \u00a0es necesario participar en\u00a0todas las\u00a0nueve sesiones, adem\u00e1s de una sesi\u00f3n final de discusi\u00f3n que me permitir\u00e1 producir una documentaci\u00f3n final.\u00a0El mapa\u00a0adem\u00e1s pudiese dar lugar a modelos de asesor\u00eda a mediano plazo, dependiendo de las necesidades espec\u00edficas de tu\u00a0iglesia u organizaci\u00f3n. Por ejemplo, si tu organizaci\u00f3n necesita entrar en un proceso de revitalizaci\u00f3n,\u00a0se te ofrecer\u00eda un modelo de asesor\u00eda de planificaci\u00f3n estrat\u00e9gica y tecnolog\u00eda ministerial. Por otro lado, si tu organizaci\u00f3n necesita fortalecer la ejecuci\u00f3n de proyectos, se te ofrecer\u00eda un modelo de asesor\u00eda en esta \u00e1rea, y as\u00ed sucesivamente.<\/p>\n<p>Si deseas m\u00e1s informaci\u00f3n, por favor visita la p\u00e1gina de <a href=\"http:\/\/www.vladimirlugo.com\/index.php\/contactar\/\">CONTACTAR<\/a> y prov\u00e9e los datos necesarios. Te responder\u00e9 a la brevedad posible.<\/p>\n<p>&nbsp;<\/p>\n","protected":false},"excerpt":{"rendered":"<p>a Matriz de Tecnolog\u00edas Ministeriales\u00ae es un concepto novedoso que le permite a cualquier organizaci\u00f3n cristiana establecer\u00a0un marco \u00a0de referencia para comprender, coordinar, y conducir\u00a0la tecnolog\u00eda con prop\u00f3sitos ministeriales. La Matriz de Tecnolog\u00edas Ministeriales\u2122 funciona como nuestro modelo de servicios de consultor\u00eda en tecnolog\u00edas de la informaci\u00f3n. Es estrat\u00e9gica, pr\u00e1ctica y misional. &nbsp; Ayudo\u00a0a iglesias&hellip;<\/p>\n","protected":false},"author":1,"featured_media":0,"parent":173,"menu_order":1,"comment_status":"closed","ping_status":"closed","template":"","meta":{"footnotes":""},"translation":{"provider":"WPGlobus","version":"3.0.2","language":"es","enabled_languages":["en","es"],"languages":{"en":{"title":true,"content":true,"excerpt":false},"es":{"title":true,"content":false,"excerpt":false}}},"_links":{"self":[{"href":"https:\/\/vladimirlugo.com\/es\/wp-json\/wp\/v2\/pages\/61"}],"collection":[{"href":"https:\/\/vladimirlugo.com\/es\/wp-json\/wp\/v2\/pages"}],"about":[{"href":"https:\/\/vladimirlugo.com\/es\/wp-json\/wp\/v2\/types\/page"}],"author":[{"embeddable":true,"href":"https:\/\/vladimirlugo.com\/es\/wp-json\/wp\/v2\/users\/1"}],"replies":[{"embeddable":true,"href":"https:\/\/vladimirlugo.com\/es\/wp-json\/wp\/v2\/comments?post=61"}],"version-history":[{"count":1,"href":"https:\/\/vladimirlugo.com\/es\/wp-json\/wp\/v2\/pages\/61\/revisions"}],"predecessor-version":[{"id":9715,"href":"https:\/\/vladimirlugo.com\/es\/wp-json\/wp\/v2\/pages\/61\/revisions\/9715"}],"up":[{"embeddable":true,"href":"https:\/\/vladimirlugo.com\/es\/wp-json\/wp\/v2\/pages\/173"}],"wp:attachment":[{"href":"https:\/\/vladimirlugo.com\/es\/wp-json\/wp\/v2\/media?parent=61"}],"curies":[{"name":"wp","href":"https:\/\/api.w.org\/{rel}","templated":true}]}}