{"id":743,"date":"2015-12-16T16:46:08","date_gmt":"2015-12-17T00:46:08","guid":{"rendered":"http:\/\/www.vladimirlugo.com\/?page_id=743"},"modified":"2025-08-13T11:51:19","modified_gmt":"2025-08-13T18:51:19","slug":"conference","status":"publish","type":"page","link":"https:\/\/vladimirlugo.com\/es\/contratar\/conferencias\/","title":{"rendered":"Conferencias"},"content":{"rendered":"\n<p><p><span class=\"k-dropcap \">Y<\/span><\/p><a name=\"start\"><\/a>o s\u00e9 que el \u00e9xito o fracaso de tu conferencia est\u00e1 determinado en buena medida por la calidad de tus oradores invitados. Es cr\u00edtico que cuentes con un orador din\u00e1mico y con experiencia, que pueda retar a su audiencia a ser, pensar y actuar de forma diferente.<\/p>\n\n\n\n<p>He preparado esta p\u00e1gina para que se te haga f\u00e1cil obtener informaci\u00f3n acerca de m\u00ed y de c\u00f3mo contactarme para participar contigo en tu pr\u00f3ximo evento.<\/p>\n\n\n\n<p>Para m\u00ed no hay evento grande ni peque\u00f1o.&nbsp;Considero cada invitaci\u00f3n con el mismo cuidado y nivel de profesionalismo y dedicaci\u00f3n. Si es importante para ti entonces es importante para m\u00ed.<\/p>\n\n\n\n<p>Espero que la informaci\u00f3n a continuaci\u00f3n te ayude a determinar si mi experiencia es lo que est\u00e1s buscando. Al final encontrar\u00e1s informaci\u00f3n de c\u00f3mo contactarme en caso de que quieras extender la invitaci\u00f3n o tengas preguntas adicionales.<\/p>\n\n\n\n<p>Gracias por tu inter\u00e9s en invitarme como conferencista. Me siento honrado.<a name=\"content\"><\/a><\/p>\n\n\n\n<h2 class=\"wp-block-heading\">Contenido<\/h2>\n\n\n\n<p>Esta peque\u00f1a tabla de contenido te da una vista preliminar del contenido de esta p\u00e1gina y te permitir\u00e1 navegarla con facilidad.<\/p>\n\n\n\n<ul>\n<li><a href=\"#content\">Contenido<\/a><\/li>\n\n\n\n<li><a href=\"#expect\">Qu\u00e9 puedes esperar de mi<\/a><\/li>\n\n\n\n<li><a href=\"#about\">Acerca de mi<\/a><\/li>\n\n\n\n<li><a href=\"#videos\">V\u00eddeos<\/a><\/li>\n\n\n\n<li><a href=\"#talks\">Charlas m\u00e1s solicitadas<\/a><\/li>\n\n\n\n<li><a href=\"#participation\">Participaciones previas<\/a><\/li>\n\n\n\n<li><a href=\"#next\">Pr\u00f3ximos pasos<\/a><\/li>\n<\/ul>\n\n\n\n<p>Si quieres revisar mi disponibilidad de tiempo o si tienes alguna pregunta puedes ir directamente a mi p\u00e1gina de <a href=\"http:\/\/www.vladimirlugo.com\/index.php\/contactar\/\">CONTACTO<\/a>.<\/p>\n\n\n\n<p><a name=\"expect\"><\/a><\/p>\n\n\n\n<h2 class=\"wp-block-heading\">Qu\u00e9 puedes esperar de mi<\/h2>\n\n\n\n<p>Esto es lo que puedes esperar de m\u00ed y de los miembros de mi equipo de trabajo:<\/p>\n\n\n\n<ol>\n<li>Que responda con prontitud tus llamadas telef\u00f3nicas y correos electr\u00f3nicos. Por lo general, soy m\u00e1s presto a responder los correos electr\u00f3nicos que las llamadas.<\/li>\n\n\n\n<li>Que tenga una consulta personal contigo antes de tu evento o conferencia. De esta manera podr\u00e9 entender mejor c\u00f3mo servir a las personas que estar\u00e1n asistiendo.<\/li>\n\n\n\n<li>Que anuncie tu actividad en mi blog y en las redes sociales. Esto asume que tu evento o conferencia es p\u00fablico y te gustar\u00eda tener mayor visibilidad.<\/li>\n\n\n\n<li>Que prepare una presentaci\u00f3n profesional que acompa\u00f1ar\u00e9 con una charla din\u00e1mica y participativa. Ajustar\u00e9 el contenido de la presentaci\u00f3n para que logres los objetivos con tu audiencia.<\/li>\n\n\n\n<li>Que haga seguimiento por escrito despu\u00e9s del evento para asegurarme de que cumpl\u00ed con tus expectativas. Adem\u00e1s siempre me gusta recibir cr\u00edticas constructivas para mejorar.<\/li>\n<\/ol>\n\n\n\n<p class=\"has-text-align-center\"><a href=\"http:\/\/www.vladimirlugo.com\/index.php\/contactar\/\"><strong>CONTACTO<\/strong><\/a><\/p>\n\n\n\n<p class=\"has-text-align-right\"><a href=\"#start\">Regresar a la tabla de contenido<\/a><\/p>\n\n\n\n<p><a name=\"acerca\"><\/a><\/p>\n\n\n\n<h2 class=\"wp-block-heading\">Acerca de mi<\/h2>\n\n\n\n<p>Soy un profesional de la inform\u00e1tica, escritor, conferencista y ministro de vocaci\u00f3n, que le brinda asistencia a organizaciones cristianas en la adopci\u00f3n de tecnolog\u00edas ministeriales en l\u00ednea para liberar el poder de su misi\u00f3n.<\/p>\n\n\n\n<p>Como profesional de la inform\u00e1tica cuento con m\u00e1s de veinte a\u00f1os de experiencia. He desarrollado un entendimiento profundo de sistemas de informaci\u00f3n y he ayudado a muchas instituciones a alinear el uso que estas hacen de la tecnolog\u00eda con sus respectivas misiones y metas estrat\u00e9gicas.<\/p>\n\n\n\n<p>Como ministro de vocaci\u00f3n, he servido a la comunidad cristiana por m\u00e1s de treinta a\u00f1os de ministerio, entendiendo mi llamado como educador y mentor. He adoptado tempranamente programas computarizados para el estudio de La Biblia, redes sociales, blogs y aplicaciones electr\u00f3nicas para la ense\u00f1anza y el aprendizaje. He asistido a varios ministerios en la implementaci\u00f3n de sistemas administrativos, de productividad y de presencia en la Internet.<\/p>\n\n\n\n<p>Actualmente, trabajo a tiempo completo para Tepui Cloud, empresa que fund\u00e9 en el 2019. Estoy a cargo de la infraestructura de software de los sistemas administrativos de varias universidades nacionales e internacionales. Soy el l\u00edder t\u00e9cnico de transici\u00f3n a la nube, ayudando a muchas de estas instituciones a migrar sus sistemas a la nube p\u00fablica, y junto con mi equipo, desarrollamos aplicaciones para la peque\u00f1a empresa.<\/p>\n\n\n\n<p>Me la paso leyendo porque t\u00fa mereces lo mejor de m\u00ed. Tambi\u00e9n dedico tiempo para escribir sobre temas de liderazgo y el uso de la tecnolog\u00eda en el ministerio cristiano a trav\u00e9s de mi blog.<\/p>\n\n\n\n<p>Soy el autor de dos libros bajo la <strong><a href=\"https:\/\/ciberministerio.com\" data-type=\"link\" data-id=\"https:\/\/ciberministerio.com\" target=\"_blank\" rel=\"noreferrer noopener\">Serie Ciberministerio<\/a><\/strong>, <em><a rel=\"noreferrer noopener\" href=\"https:\/\/vla.lu\/cm1\" data-type=\"link\" data-id=\"https:\/\/vla.lu\/cm1\" target=\"_blank\">Ciberministerio: 5 funciones esenciales de la tecnolog\u00eda en el ministerio de la iglesia<\/a><\/em>, y <a href=\"http:\/\/vla.lu\/cm2\"><em>Cibermadurez: 7 pasos para que las tecnolog\u00edas ministeriales den mucho fruto<\/em><\/a>, mientras que estoy preparando otros libros para publicaci\u00f3n.<\/p>\n\n\n\n<p>He estado casado por treinta y cinco a\u00f1os con mi esposa Ivonne y tenemos dos hijas, Johanna y Natasha. Vivimos en el \u00e1rea de Los \u00c1ngeles, California. Me encanta correr, ciclar y nadar; con frecuencia participo en triatlones y maratones. Amo a Dios, amo a mis tres mujeres, amo la Iglesia y amo la aventura de vivir.<\/p>\n\n\n\n<p>Por favor usa estas fotograf\u00edas para promocionar tu evento:<\/p>\n\n\n\n<div class=\"wp-block-columns are-vertically-aligned-center is-layout-flex wp-container-3 wp-block-columns-is-layout-flex\">\n<div class=\"wp-block-column is-vertically-aligned-center is-layout-flow wp-block-column-is-layout-flow\"><div class=\"wp-block-image\">\n<figure class=\"aligncenter size-large\"><img decoding=\"async\" loading=\"lazy\" width=\"1024\" height=\"1024\" src=\"https:\/\/vladimirlugo.com\/wp-content\/uploads\/2025\/08\/vl_hoodie_color_square-1024x1024.jpg\" alt=\"\" class=\"wp-image-10396\" srcset=\"https:\/\/vladimirlugo.com\/wp-content\/uploads\/2025\/08\/vl_hoodie_color_square-1024x1024.jpg 1024w, https:\/\/vladimirlugo.com\/wp-content\/uploads\/2025\/08\/vl_hoodie_color_square-720x720.jpg 720w, https:\/\/vladimirlugo.com\/wp-content\/uploads\/2025\/08\/vl_hoodie_color_square-150x150.jpg 150w, https:\/\/vladimirlugo.com\/wp-content\/uploads\/2025\/08\/vl_hoodie_color_square-768x768.jpg 768w, https:\/\/vladimirlugo.com\/wp-content\/uploads\/2025\/08\/vl_hoodie_color_square-117x117.jpg 117w, https:\/\/vladimirlugo.com\/wp-content\/uploads\/2025\/08\/vl_hoodie_color_square-80x80.jpg 80w, https:\/\/vladimirlugo.com\/wp-content\/uploads\/2025\/08\/vl_hoodie_color_square-800x800.jpg 800w, https:\/\/vladimirlugo.com\/wp-content\/uploads\/2025\/08\/vl_hoodie_color_square-146x146.jpg 146w, https:\/\/vladimirlugo.com\/wp-content\/uploads\/2025\/08\/vl_hoodie_color_square-220x220.jpg 220w, https:\/\/vladimirlugo.com\/wp-content\/uploads\/2025\/08\/vl_hoodie_color_square-134x134.jpg 134w, https:\/\/vladimirlugo.com\/wp-content\/uploads\/2025\/08\/vl_hoodie_color_square-273x273.jpg 273w, https:\/\/vladimirlugo.com\/wp-content\/uploads\/2025\/08\/vl_hoodie_color_square.jpg 1324w\" sizes=\"(max-width: 1024px) 100vw, 1024px\" \/><\/figure><\/div><\/div>\n\n\n\n<div class=\"wp-block-column is-vertically-aligned-center is-layout-flow wp-block-column-is-layout-flow\"><div class=\"wp-block-image\">\n<figure class=\"aligncenter size-large\"><img decoding=\"async\" loading=\"lazy\" width=\"1024\" height=\"1024\" src=\"https:\/\/vladimirlugo.com\/wp-content\/uploads\/2025\/08\/vladimir-lugo-square-blackbg-1024x1024.jpg\" alt=\"\" class=\"wp-image-10397\" srcset=\"https:\/\/vladimirlugo.com\/wp-content\/uploads\/2025\/08\/vladimir-lugo-square-blackbg-1024x1024.jpg 1024w, https:\/\/vladimirlugo.com\/wp-content\/uploads\/2025\/08\/vladimir-lugo-square-blackbg-720x720.jpg 720w, https:\/\/vladimirlugo.com\/wp-content\/uploads\/2025\/08\/vladimir-lugo-square-blackbg-150x150.jpg 150w, https:\/\/vladimirlugo.com\/wp-content\/uploads\/2025\/08\/vladimir-lugo-square-blackbg-768x768.jpg 768w, https:\/\/vladimirlugo.com\/wp-content\/uploads\/2025\/08\/vladimir-lugo-square-blackbg-1536x1536.jpg 1536w, https:\/\/vladimirlugo.com\/wp-content\/uploads\/2025\/08\/vladimir-lugo-square-blackbg-117x117.jpg 117w, https:\/\/vladimirlugo.com\/wp-content\/uploads\/2025\/08\/vladimir-lugo-square-blackbg-80x80.jpg 80w, https:\/\/vladimirlugo.com\/wp-content\/uploads\/2025\/08\/vladimir-lugo-square-blackbg-800x800.jpg 800w, https:\/\/vladimirlugo.com\/wp-content\/uploads\/2025\/08\/vladimir-lugo-square-blackbg-146x146.jpg 146w, https:\/\/vladimirlugo.com\/wp-content\/uploads\/2025\/08\/vladimir-lugo-square-blackbg-220x220.jpg 220w, https:\/\/vladimirlugo.com\/wp-content\/uploads\/2025\/08\/vladimir-lugo-square-blackbg-134x134.jpg 134w, https:\/\/vladimirlugo.com\/wp-content\/uploads\/2025\/08\/vladimir-lugo-square-blackbg-273x273.jpg 273w, https:\/\/vladimirlugo.com\/wp-content\/uploads\/2025\/08\/vladimir-lugo-square-blackbg.jpg 2000w\" sizes=\"(max-width: 1024px) 100vw, 1024px\" \/><\/figure><\/div><\/div>\n<\/div>\n\n\n\n<p>Tambi\u00e9n puedes revisar mi perfil profesional en <a href=\"http:\/\/linkedin.com\/in\/vladimirlugomt\" target=\"_blank\" rel=\"noreferrer noopener\">LinkedIn<\/a> si quieres ver mi historial detallado de trabajo y servicio.<\/p>\n\n\n\n<p class=\"has-text-align-right\"><a href=\"#start\">Regresar a la tabla de contenido<\/a><\/p>\n\n\n\n<p><a name=\"videos\"><\/a><\/p>\n\n\n\n<h2 class=\"wp-block-heading\">V\u00eddeos<\/h2>\n\n\n\n<p>Con frecuencia predico la palabra de Dios en ingl\u00e9s y en espa\u00f1ol. He trabajado como instructor de tecnolog\u00eda para corporaciones e instituciones educativas de diversa \u00edndole. Y m\u00e1s recientemente, he tenido la oportunidad de trabajar como productor de medios para los servicios en vivo de la Iglesia Luminate y como creador del programa de comunidades online de la Iglesia Las Acacias.<\/p>\n\n\n\n<p>Para una muestra de mis predicaciones, puedes revisar estos videos:<br><a href=\"http:\/\/vla.lu\/9ru\">http:\/\/vla.lu\/9ru<\/a><br><a href=\"http:\/\/vla.lu\/5o4\">http:\/\/vla.lu\/5o4<\/a><\/p>\n\n\n\n<p class=\"has-text-align-center\">Visita mi p\u00e1gina de <a href=\"http:\/\/www.vladimirlugo.com\/index.php\/contactar\/\">Contacto<\/a> para escribirme por correo.<\/p>\n\n\n\n<p class=\"has-text-align-right\"><a href=\"#comienzo\">Regresar a la tabla de contenido<\/a><\/p>\n\n\n\n<h2 class=\"wp-block-heading\">Eventos previos<\/h2>\n\n\n\n<p><strong>Conferencias<\/strong>:<\/p>\n\n\n\n<ul>\n<li>COICOM Houston, TX<\/li>\n\n\n\n<li>Tecnolog\u00eda para plantadores, Programa <a href=\"https:\/\/ciclica.org\">C\u00edclica<\/a> Express para plantadores de iglesia<\/li>\n\n\n\n<li>Entrenamiento para plantadores de iglesia, Latin American Bible Institute, LABI<\/li>\n\n\n\n<li>Catholic Communication and Collaboration Technology (C3Tech) Conference<\/li>\n\n\n\n<li>Expolit<\/li>\n\n\n\n<li>Foro Hispano de Liderzgo Generacional USA<\/li>\n\n\n\n<li>Universidad Hispana Pentecostal<\/li>\n\n\n\n<li>Instituto Ministerial de Educaci\u00f3n Continuada<\/li>\n\n\n\n<li>ABCOFLASH Educaci\u00f3n Continuada<\/li>\n<\/ul>\n\n\n\n<p><strong>Media<\/strong>:<\/p>\n\n\n\n<ul>\n<li><a href=\"https:\/\/www.radioinspiracion.com\/\">Radio Inspiraci\u00f3n<\/a>,&nbsp;<em>Aprendamos de tecnolog\u00eda<\/em>, con Jos\u00e9 Luis S\u00e1enz, programa semanal, viernes 6:30 am.<\/li>\n\n\n\n<li><a href=\"http:\/\/viapodcast.fm\/vp062-cinco-consejos-para-mejorar-la-web-de-su-podcast\/\">V\u00eda Podcast<\/a>, Podcast con Melvin Rivera:&nbsp;<em>Cinco consejos para mejorar la web de su podcast<\/em><\/li>\n\n\n\n<li><a href=\"https:\/\/itunes.apple.com\/us\/podcast\/decid%C3%AD-ser-madre\/id1273601779?mt=2\">Decid\u00ed ser madre<\/a>, Podcast con Laura Comas:&nbsp;<em>Tecnolog\u00eda en el hogar<\/em><\/li>\n\n\n\n<li><a href=\"http:\/\/vla.lu\/163\">Cambio 180<\/a>, Podcast con Melvin Rivera:&nbsp;<em>Efectos positivos y negativos de las tecnolog\u00edas en el hogar<\/em><\/li>\n\n\n\n<li><a href=\"http:\/\/teobytes.com\/digital\">TeoBytes<\/a>, Podcast con Jes\u00fas Rodr\u00edguez-Cort\u00e9s: <em>TB050 Ciudadan\u00eda digital en el reino de Dios<\/em><\/li>\n\n\n\n<li><a href=\"http:\/\/vla.lu\/125\" target=\"_blank\" rel=\"noopener noreferrer\">Cambio 180<\/a>, Podcast con Melvin Rivera:&nbsp;<em>Desatando los nudos de las redes sociales<\/em><\/li>\n\n\n\n<li><a href=\"http:\/\/conquista106.com\/\" target=\"_blank\" rel=\"noopener noreferrer\">Conquista 106.3 FM<\/a>, Programa en vivo con Milagros Bauza:&nbsp;<em>Cibermadurez, aydando a la iglesia a usar la tecnolog\u00eda<\/em><\/li>\n\n\n\n<li><a href=\"http:\/\/vla.lu\/100\" target=\"_blank\" rel=\"noopener noreferrer\">Cambio 180<\/a>, Podcast con Melvin Rivera:&nbsp;<em>\u00bfPor qu\u00e9 la iglesia ve la tecnolog\u00eda con mentalidad de p\u00falpito?<\/em><\/li>\n\n\n\n<li><a href=\"http:\/\/www.comunicadoresusa.org\/\" target=\"_blank\" rel=\"noopener noreferrer\">Comunicadores USA<\/a>, Republicaci\u00f3n de mis art\u00edculos del blog: <em>De mi escritorio al tuyo<\/em><\/li>\n\n\n\n<li><a href=\"http:\/\/www.nuevavida.com\" target=\"_blank\" rel=\"noopener noreferrer\">Radio Nueva Vida<\/a>, De pastor a pastor, Entrevista con Jos\u00e9 Luis S\u00e1enz: <i>El rol de la tecnolog\u00eda en el ministerio<\/i><\/li>\n<\/ul>\n\n\n\n<p><a name=\"proximo\"><\/a><\/p>\n\n\n\n<h2 class=\"wp-block-heading\">Pr\u00f3ximos pasos<\/h2>\n\n\n\n<ol>\n<li>S\u00edgueme en las redes sociales con el identificador \u00fanico @vladimirlugomt <a rel=\"noopener noreferrer\" href=\"http:\/\/twitter.com\/vladimirlugomt\" target=\"_blank\">Twitter<\/a>, <a rel=\"noopener noreferrer\" href=\"http:\/\/facebook.com\/vladimirlugomt\" target=\"_blank\">Facebook<\/a>, <a rel=\"noopener noreferrer\" href=\"https:\/\/www.linkedin.com\/in\/vladimirlugomt\/es?locale=es_ES&amp;trk=profile_view_lang_sel_click\" target=\"_blank\">Linked In<\/a>, <a rel=\"noopener noreferrer\" href=\"http:\/\/instagram.com\/vladimirlugomt\" target=\"_blank\">Instagram<\/a>, <a rel=\"noopener noreferrer\" href=\"http:\/\/pinterest.com\/vladimirlugomt\" target=\"_blank\">Pinterest<\/a>,&nbsp;<a rel=\"noopener noreferrer\" href=\"http:\/\/vladimirlugomt.tumblr.com\/\" target=\"_blank\">Tumblr<\/a>&nbsp;y <a href=\"https:\/\/goodreads.com\/vladimirlugomt\">Goodreads<\/a>. Usa la etiqueta #tecnologiasministeriales para continuar la conversaci\u00f3n sobre el uso de la tecnolog\u00eda en tu ministerio.<\/li>\n\n\n\n<li>Visita my p\u00e1gina para <a href=\"http:\/\/www.vladimirlugo.com\/index.php\/contactar\/\">CONTACTAR<\/a>. Encontrar\u00e1s m\u00e1s informaci\u00f3n y podr\u00e1s llenar el formulario para invitarme o contratarme.<\/li>\n\n\n\n<li>Llena el siguiente formulario para que recibas mis actualizaciones y promociones especiales en tu correo electr\u00f3nico.<\/li>\n<\/ol>\n\n\n\n<p class=\"has-text-align-right\"><a href=\"#comienzo\">Regresar a la tabla de contenido<\/a><\/p>\n","protected":false},"excerpt":{"rendered":"<p>o s\u00e9 que el \u00e9xito o fracaso de tu conferencia est\u00e1 determinado en buena medida por la calidad de tus oradores invitados. Es cr\u00edtico que cuentes con un orador din\u00e1mico y con experiencia, que pueda retar a su audiencia a ser, pensar y actuar de forma diferente. He preparado esta p\u00e1gina para que se te&hellip;<\/p>\n","protected":false},"author":1,"featured_media":777,"parent":173,"menu_order":0,"comment_status":"closed","ping_status":"closed","template":"","meta":{"footnotes":""},"translation":{"provider":"WPGlobus","version":"3.0.2","language":"es","enabled_languages":["en","es"],"languages":{"en":{"title":true,"content":true,"excerpt":false},"es":{"title":true,"content":true,"excerpt":false}}},"_links":{"self":[{"href":"https:\/\/vladimirlugo.com\/es\/wp-json\/wp\/v2\/pages\/743"}],"collection":[{"href":"https:\/\/vladimirlugo.com\/es\/wp-json\/wp\/v2\/pages"}],"about":[{"href":"https:\/\/vladimirlugo.com\/es\/wp-json\/wp\/v2\/types\/page"}],"author":[{"embeddable":true,"href":"https:\/\/vladimirlugo.com\/es\/wp-json\/wp\/v2\/users\/1"}],"replies":[{"embeddable":true,"href":"https:\/\/vladimirlugo.com\/es\/wp-json\/wp\/v2\/comments?post=743"}],"version-history":[{"count":20,"href":"https:\/\/vladimirlugo.com\/es\/wp-json\/wp\/v2\/pages\/743\/revisions"}],"predecessor-version":[{"id":10399,"href":"https:\/\/vladimirlugo.com\/es\/wp-json\/wp\/v2\/pages\/743\/revisions\/10399"}],"up":[{"embeddable":true,"href":"https:\/\/vladimirlugo.com\/es\/wp-json\/wp\/v2\/pages\/173"}],"wp:featuredmedia":[{"embeddable":true,"href":"https:\/\/vladimirlugo.com\/es\/wp-json\/wp\/v2\/media\/777"}],"wp:attachment":[{"href":"https:\/\/vladimirlugo.com\/es\/wp-json\/wp\/v2\/media?parent=743"}],"curies":[{"name":"wp","href":"https:\/\/api.w.org\/{rel}","templated":true}]}}